{"id":9339,"date":"2023-09-09T10:07:03","date_gmt":"2023-09-09T10:07:03","guid":{"rendered":"https:\/\/www.msit.at\/kundenbereich\/"},"modified":"2024-02-23T14:11:37","modified_gmt":"2024-02-23T14:11:37","slug":"kundenbereich","status":"publish","type":"page","link":"https:\/\/www.msit.at\/de\/kundenbereich\/","title":{"rendered":"Kundenbereich"},"content":{"rendered":"<section class=\"wpb-content-wrapper\"><p>[vc_row css=&#8221;.vc_custom_1694499786015{padding-top: 200px !important;padding-bottom: 60px !important;}&#8221;][vc_column css=&#8221;.vc_custom_1694499875003{padding-right: 0px !important;padding-left: 0px !important;}&#8221;][vc_row_inner][vc_column_inner]<header class=\"kd-section-title col-lg-12 text-left solid-line sep-border-width-2     vc_custom_1694858489579\" ><h1 class=\"separator_on\" >Kundenbereich<\/h1><div class=\"kd-separator below_title\" ><div class=\"kd-separator-line\" style=\"border-color:#00477f\"><\/div><\/div><h6 class=\"subtitle \" >Die Support-Site von MSIT steht unseren Kunden zur Verf\u00fcgung. Unser Ziel ist es, einen m\u00f6glichst einfachen Zugang zu aussagekr\u00e4ftigen und relevanten Informationen \u00fcber unsere neuesten Produkte und L\u00f6sungen zu bieten.<\/h6><\/header>[\/vc_column_inner][\/vc_row_inner][\/vc_column][\/vc_row]<\/p>\n<\/section>","protected":false},"excerpt":{"rendered":"<p>[vc_row css=&#8221;.vc_custom_1694499786015{padding-top: 200px !important;padding-bottom: 60px !important;}&#8221;][vc_column css=&#8221;.vc_custom_1694499875003{padding-right: 0px !important;padding-left: 0px !important;}&#8221;][vc_row_inner][vc_column_inner][\/vc_column_inner][\/vc_row_inner][\/vc_column][\/vc_row]<\/p>\n","protected":false},"author":2,"featured_media":0,"parent":0,"menu_order":0,"comment_status":"closed","ping_status":"closed","template":"","meta":{"footnotes":""},"class_list":["post-9339","page","type-page","status-publish","hentry"],"_links":{"self":[{"href":"https:\/\/www.msit.at\/de\/wp-json\/wp\/v2\/pages\/9339","targetHints":{"allow":["GET"]}}],"collection":[{"href":"https:\/\/www.msit.at\/de\/wp-json\/wp\/v2\/pages"}],"about":[{"href":"https:\/\/www.msit.at\/de\/wp-json\/wp\/v2\/types\/page"}],"author":[{"embeddable":true,"href":"https:\/\/www.msit.at\/de\/wp-json\/wp\/v2\/users\/2"}],"replies":[{"embeddable":true,"href":"https:\/\/www.msit.at\/de\/wp-json\/wp\/v2\/comments?post=9339"}],"version-history":[{"count":2,"href":"https:\/\/www.msit.at\/de\/wp-json\/wp\/v2\/pages\/9339\/revisions"}],"predecessor-version":[{"id":9344,"href":"https:\/\/www.msit.at\/de\/wp-json\/wp\/v2\/pages\/9339\/revisions\/9344"}],"wp:attachment":[{"href":"https:\/\/www.msit.at\/de\/wp-json\/wp\/v2\/media?parent=9339"}],"curies":[{"name":"wp","href":"https:\/\/api.w.org\/{rel}","templated":true}]}}