{"id":9340,"date":"2023-09-12T15:06:30","date_gmt":"2023-09-12T15:06:30","guid":{"rendered":"https:\/\/www.msit.at\/msit-und-ibm\/"},"modified":"2024-02-23T14:11:40","modified_gmt":"2024-02-23T14:11:40","slug":"msit-und-ibm","status":"publish","type":"page","link":"https:\/\/www.msit.at\/de\/msit-und-ibm\/","title":{"rendered":"MSIT und IBM"},"content":{"rendered":"<section class=\"wpb-content-wrapper\"><p>[vc_row full_width=&#8221;stretch_row&#8221; css=&#8221;.vc_custom_1694873750803{padding-top: 200px !important;padding-bottom: 60px !important;background-image: url(https:\/\/www.msit.at\/wp-content\/uploads\/2023\/09\/msit-and-ibm-background.jpg?id=7716) !important;background-position: center !important;background-repeat: no-repeat !important;background-size: cover !important;}&#8221;][vc_column]<header class=\"kd-section-title col-lg-12 text-left     vc_custom_1694861254499\" ><h1 class=\"separator_off\" style=\"color: #ffffff;\">Partnerschaft mit IBM<\/h1><\/header>[\/vc_column][\/vc_row][vc_row][vc_column css=&#8221;.vc_custom_1694961464644{padding-top: 80px !important;padding-right: 0px !important;padding-left: 0px !important;}&#8221;][vc_row_inner][vc_column_inner][vc_empty_space el_class=&#8221;mobile-only&#8221;]<header class=\"kd-section-title col-lg-12 text-left solid-line sep-border-width-1     vc_custom_1694891255899\" ><h3 class=\"separator_on\" >MSIT und IBM<\/h3><div class=\"kd-separator below_title\" ><div class=\"kd-separator-line\" style=\"border-color:#00477f\"><\/div><\/div><\/header>[\/vc_column_inner][\/vc_row_inner][vc_row_inner][vc_column_inner width=&#8221;1\/2&#8243;][vc_column_text el_class=&#8221;add-margin-right&#8221;]<\/p>\n<h6>Seit 2009 ist MSIT zertifizierter Business Partner im Bereich Payments und einer der ersten Anwendungsanbieter, der auf IBM PureSystems zertifiziert wurde.<\/h6>\n<p>[\/vc_column_text][vc_empty_space height=&#8221;24px&#8221; el_class=&#8221;mobile-only&#8221;][\/vc_column_inner][vc_column_inner width=&#8221;1\/2&#8243;][vc_column_text el_class=&#8221;mb-0 add-margin-left&#8221;]MSIT unterh\u00e4lt eine fruchtbare Beziehung zu IBM im deutschsprachigen Raum, die sich auch auf das \u00fcbrige IBM-Netz ausgeweitet hat. Wir haben intensiv daran gearbeitet, unsere Gesch\u00e4ftsentwicklungs- und Marketingpartnerschaft mit IBM auszubauen. Die Teams von IBM und MSIT arbeiten eng zusammen, um Marktkapazit\u00e4ten aufzubauen und Kunden in den M\u00e4rkten zu gewinnen, die wir beide bedienen. Gemeinsam mit IBM sind wir st\u00e4ndig bem\u00fcht, bei innovativen und zuverl\u00e4ssigen Softwarel\u00f6sungen im Bankensektor an vorderster Front mitzuwirken.[\/vc_column_text][\/vc_column_inner][\/vc_row_inner][vc_row_inner][vc_column_inner css=&#8221;.vc_custom_1694861149844{padding-top: 40px !important;padding-bottom: 40px !important;}&#8221;][vc_empty_space el_class=&#8221;mobile-only&#8221;]<div class=\"kd-divider solid_line divider_full_width thin_solid\">\n                <div class=\"divider-line\" style=\"border-color:\"><\/div>\n            <\/div>[vc_empty_space el_class=&#8221;mobile-only&#8221;][\/vc_column_inner][\/vc_row_inner][vc_row_inner][vc_column_inner]<header class=\"kd-section-title col-lg-12 text-left solid-line sep-border-width-1    \" ><h3 class=\"separator_on\" >MSIT-EXIN in IBM PureSystems<\/h3><div class=\"kd-separator below_title\" ><div class=\"kd-separator-line\" style=\"border-color:#00477f\"><\/div><\/div><\/header>[vc_empty_space height=&#8221;16px&#8221;][vc_column_text]<\/p>\n<table border=\"0\">\n<tbody>\n<tr>\n<td><strong>Name der L\u00f6sung:<\/strong><\/td>\n<td>MSIT-EXIN<\/td>\n<\/tr>\n<tr>\n<td><\/td>\n<td>Diese L\u00f6sung hat die Kriterien f\u00fcr die IBM Ready for PureSystems-Validierung erf\u00fcllt.<\/td>\n<\/tr>\n<tr>\n<td><strong>Beschreibung der L\u00f6sung:<br \/>\n<\/strong><\/td>\n<td>Die innovative Zahlungsverkehrsl\u00f6sung MSIT-EXIN wurde entwickelt, um Ermittlungsprozesse zu verbessern und zu automatisieren, was in Kombination mit IBM PureSystem den Kunden eine vereinfachte Erfahrung und ein flexibles System erm\u00f6glicht.<\/td>\n<\/tr>\n<\/tbody>\n<\/table>\n<p>[\/vc_column_text][\/vc_column_inner][\/vc_row_inner][vc_empty_space height=&#8221;24px&#8221;][vc_row_inner][vc_column_inner width=&#8221;1\/2&#8243;][vc_column_text el_class=&#8221;add-margin-right&#8221;]<\/p>\n<h6>MSIT-EXIN ist bereit f\u00fcr IBM PureSystems<\/h6>\n<p>[\/vc_column_text][vc_empty_space height=&#8221;24px&#8221; el_class=&#8221;mobile-only&#8221;][\/vc_column_inner][vc_column_inner width=&#8221;1\/2&#8243;][vc_column_text el_class=&#8221;mb-0 add-margin-left&#8221;]MSIT-EXIN geh\u00f6rt zu den ersten Anwendungsanbietern, die f\u00fcr die neue Familie der integrierten Expertensysteme von IBM zertifiziert wurden.[\/vc_column_text][\/vc_column_inner][\/vc_row_inner][vc_empty_space height=&#8221;48px&#8221;][vc_row_inner equal_height=&#8221;yes&#8221;][vc_column_inner el_class=&#8221;pr-tablet h-100&#8243; width=&#8221;1\/3&#8243; css=&#8221;.vc_custom_1694873214132{padding-right: 0px !important;}&#8221;]<a style=\"width: 100%;\" href=\"\"   class=\"tt_button tt_primary_button btn_primary_color  button-center button-action-link icon_right  h-100\" ><span class=\"prim_text\">mehr \u00fcber MSIT-EXIN<\/span><span class=\"fas fa-arrow-right iconita\"><\/span><\/a>[vc_empty_space height=&#8221;20px&#8221; el_class=&#8221;mobile-only&#8221;][\/vc_column_inner][vc_column_inner el_class=&#8221;pr-tablet pl-tablet h-100&#8243; width=&#8221;1\/3&#8243; css=&#8221;.vc_custom_1694874516178{padding-right: 0px !important;padding-left: 0px !important;}&#8221;]<a style=\"width: 100%;\" href=\"\"   class=\"tt_button tt_secondary_button btn_primary_color  button-center button-action-link   h-100\" ><span class=\"prim_text\">Demo bestellen<\/span><\/a>[vc_empty_space height=&#8221;20px&#8221; el_class=&#8221;mobile-only&#8221;][\/vc_column_inner][vc_column_inner el_class=&#8221;pl-tablet h-100&#8243; width=&#8221;1\/3&#8243; css=&#8221;.vc_custom_1694873217830{padding-left: 0px !important;}&#8221;]<a style=\"width: 100%;\" href=\"\"   class=\"tt_button tt_secondary_button btn_primary_color  button-center button-action-link icon_right  h-100\" ><span class=\"prim_text\">mehr \u00fcber IBM PureSystems<\/span><span class=\"fas fa-external-link-alt iconita\"><\/span><\/a>[vc_empty_space height=&#8221;20px&#8221; el_class=&#8221;mobile-only&#8221;][\/vc_column_inner][\/vc_row_inner][vc_empty_space height=&#8221;80px&#8221;][\/vc_column][\/vc_row][vc_row full_width=&#8221;stretch_row&#8221; css=&#8221;.vc_custom_1694878459540{margin-right: 15px !important;margin-left: 15px !important;background-image: url(https:\/\/www.msit.at\/wp-content\/uploads\/2023\/09\/background-gradient.jpg?id=7796) !important;background-position: center !important;background-repeat: no-repeat !important;background-size: cover !important;}&#8221;][vc_column css=&#8221;.vc_custom_1694862531504{padding-top: 80px !important;padding-bottom: 80px !important;}&#8221;][vc_empty_space height=&#8221;80px&#8221; el_class=&#8221;mobile-only&#8221;][vc_row_inner][vc_column_inner width=&#8221;1\/4&#8243; offset=&#8221;vc_hidden-xs&#8221;][\/vc_column_inner][vc_column_inner width=&#8221;1\/2&#8243;]<header class=\"kd-section-title col-lg-12 text-center  kd-animated fadeIn  \" data-animation-delay=200><h3 class=\"separator_off\" >Brauchen Sie mehr Details?<\/h3><h6 class=\"subtitle \" style=\"color: #606060;\">Kontaktieren Sie uns, um mehr \u00fcber MSIT-EXIN und die verschiedenen Implementierungsm\u00f6glichkeiten zu erfahren!<\/h6><\/header>[vc_empty_space height=&#8221;16px&#8221;][\/vc_column_inner][vc_column_inner width=&#8221;1\/4&#8243; offset=&#8221;vc_hidden-xs&#8221;][\/vc_column_inner][\/vc_row_inner][vc_empty_space height=&#8221;24px&#8221; el_class=&#8221;mobile-only&#8221;][vc_row_inner][vc_column_inner el_class=&#8221;pr-tablet&#8221; width=&#8221;1\/2&#8243; css=&#8221;.vc_custom_1694871660026{padding-right: 0px !important;padding-left: 0px !important;}&#8221;]<a  href=\"mailto:marketing@msit.at\"  target=\"_self\"  title=\"\" class=\"tt_button tt_secondary_button btn_primary_color  pull-right button-action-link icon_left kd-animated zoomIn mobile-full-width\" data-animation-delay=200><span class=\"fas fa-envelope iconita\"><\/span><span class=\"prim_text\">marketing@msit.at<\/span><\/a>[vc_empty_space height=&#8221;16px&#8221; el_class=&#8221;mobile-only&#8221;][\/vc_column_inner][vc_column_inner width=&#8221;1\/2&#8243; css=&#8221;.vc_custom_1694871663735{padding-right: 0px !important;padding-left: 0px !important;}&#8221;]<a  href=\"Tel:+43 676 843 956 100\"  target=\"_self\"  title=\"\" class=\"tt_button tt_secondary_button btn_primary_color hover_solid_primary pull-left button-action-link icon_left kd-animated zoomIn mobile-full-width\" data-animation-delay=200><span class=\"fas fa-phone-alt iconita\"><\/span><span class=\"prim_text\">+43 676 88916 301<\/span><\/a>[\/vc_column_inner][\/vc_row_inner][vc_empty_space height=&#8221;80px&#8221; el_class=&#8221;mobile-only&#8221;][\/vc_column][\/vc_row]<\/p>\n<\/section>","protected":false},"excerpt":{"rendered":"<p>[vc_row full_width=&#8221;stretch_row&#8221; css=&#8221;.vc_custom_1694873750803{padding-top: 200px !important;padding-bottom: 60px !important;background-image: url(https:\/\/www.msit.at\/wp-content\/uploads\/2023\/09\/msit-and-ibm-background.jpg?id=7716) !important;background-position: center !important;background-repeat: no-repeat !important;background-size: cover !important;}&#8221;][vc_column][\/vc_column][\/vc_row][vc_row][vc_column css=&#8221;.vc_custom_1694961464644{padding-top: 80px !important;padding-right: 0px !important;padding-left: 0px !important;}&#8221;][vc_row_inner][vc_column_inner][vc_empty_space el_class=&#8221;mobile-only&#8221;][\/vc_column_inner][\/vc_row_inner][vc_row_inner][vc_column_inner width=&#8221;1\/2&#8243;][vc_column_text el_class=&#8221;add-margin-right&#8221;] Seit 2009 ist MSIT zertifizierter Business Partner [&hellip;]<\/p>\n","protected":false},"author":1,"featured_media":0,"parent":0,"menu_order":0,"comment_status":"closed","ping_status":"closed","template":"","meta":{"footnotes":""},"class_list":["post-9340","page","type-page","status-publish","hentry"],"_links":{"self":[{"href":"https:\/\/www.msit.at\/de\/wp-json\/wp\/v2\/pages\/9340","targetHints":{"allow":["GET"]}}],"collection":[{"href":"https:\/\/www.msit.at\/de\/wp-json\/wp\/v2\/pages"}],"about":[{"href":"https:\/\/www.msit.at\/de\/wp-json\/wp\/v2\/types\/page"}],"author":[{"embeddable":true,"href":"https:\/\/www.msit.at\/de\/wp-json\/wp\/v2\/users\/1"}],"replies":[{"embeddable":true,"href":"https:\/\/www.msit.at\/de\/wp-json\/wp\/v2\/comments?post=9340"}],"version-history":[{"count":2,"href":"https:\/\/www.msit.at\/de\/wp-json\/wp\/v2\/pages\/9340\/revisions"}],"predecessor-version":[{"id":9348,"href":"https:\/\/www.msit.at\/de\/wp-json\/wp\/v2\/pages\/9340\/revisions\/9348"}],"wp:attachment":[{"href":"https:\/\/www.msit.at\/de\/wp-json\/wp\/v2\/media?parent=9340"}],"curies":[{"name":"wp","href":"https:\/\/api.w.org\/{rel}","templated":true}]}}