{"id":9341,"date":"2023-09-24T11:40:39","date_gmt":"2023-09-24T11:40:39","guid":{"rendered":"https:\/\/www.msit.at\/aml-anti-geldwascherei\/"},"modified":"2024-03-06T12:39:58","modified_gmt":"2024-03-06T12:39:58","slug":"aml-anti-geldwascherei","status":"publish","type":"page","link":"https:\/\/www.msit.at\/de\/produkte\/aml-anti-geldwascherei\/","title":{"rendered":"AML &#8211; Anti-Money Laundering"},"content":{"rendered":"<section class=\"wpb-content-wrapper\"><p>[vc_row css=&#8221;.vc_custom_1695549730691{padding-top: 200px !important;}&#8221;][vc_column css=&#8221;.vc_custom_1695016336119{padding-right: 0px !important;padding-left: 0px !important;}&#8221;][vc_row_inner equal_height=&#8221;yes&#8221; content_placement=&#8221;middle&#8221;][vc_column_inner width=&#8221;1\/2&#8243;][vc_column_text]<\/p>\n<h4 class=\"text-primary\">MSIT-AML<\/h4>\n<p>[\/vc_column_text][vc_empty_space height=&#8221;12px&#8221;]<header class=\"kd-section-title col-lg-12 text-left    \" ><h1 class=\"separator_off\" >Flexibles und kosteneffizientes Anti Money Laundering<\/h1><\/header>[vc_empty_space height=&#8221;16px&#8221;][vc_empty_space height=&#8221;16px&#8221; el_class=&#8221;mobile-only&#8221;]<a  class=\"tt_button tt_secondary_button btn_primary_color  pull-left panel-trigger-btn   mobile-full-width\" ><span class=\"prim_text\">Buchen Sie ein Meeting<\/span><\/a>[vc_empty_space height=&#8221;40px&#8221;][vc_empty_space height=&#8221;40px&#8221; el_class=&#8221;mobile-only&#8221;][\/vc_column_inner][vc_column_inner width=&#8221;1\/2&#8243; css=&#8221;.vc_custom_1695018155571{margin-top: -64px !important;margin-right: -73px !important;margin-left: 80px !important;background-position: center !important;background-repeat: no-repeat !important;background-size: cover !important;}&#8221;][vc_single_image image=&#8221;9028&#8243; img_size=&#8221;full&#8221;][\/vc_column_inner][\/vc_row_inner][vc_row_inner][vc_column_inner][vc_empty_space height=&#8221;64px&#8221;]<header class=\"kd-section-title col-lg-12 text-left solid-line sep-border-width-1    \" ><h3 class=\"separator_on\" >MSIT-AML - Anti Money Laundering<\/h3><div class=\"kd-separator below_title\" ><div class=\"kd-separator-line\" style=\"border-color:#00477f\"><\/div><\/div><\/header>[vc_empty_space height=&#8221;16px&#8221;][\/vc_column_inner][\/vc_row_inner][vc_row_inner][vc_column_inner width=&#8221;1\/2&#8243;][vc_column_text el_class=&#8221;li-fix&#8221;]<\/p>\n<h6>Anti Money Laundering wird von Management Solutions IT and Digital Systems entwickelt und unterst\u00fctzt.<\/h6>\n<h6>Unsere Anwendung \u00fcberwacht die Transaktionen der Bankkunden auf t\u00e4glicher Basis und liefert der Bankleitung anhand der historischen Kundeninformationen und des Kontoprofils ein &#8220;Gesamtbild&#8221;.<\/h6>\n<p>[\/vc_column_text][vc_empty_space height=&#8221;40px&#8221;][\/vc_column_inner][vc_column_inner width=&#8221;1\/2&#8243;][vc_column_text el_class=&#8221;li-fix&#8221;]Unsere AML-L\u00f6sung tr\u00e4gt dazu bei, das Risiko von Geldw\u00e4sche und Terrorismusfinanzierung zu verringern, einschlie\u00dflich der neuen FATCA-Vorschriften. Die \u00dcberwachung von Transaktionen kann Bareinzahlungen und -abhebungen, \u00dcberweisungen und ACH-Aktivit\u00e4ten umfassen.<\/p>\n<p>Mit Anti Money Laundering k\u00f6nnen Institutionen einen unternehmensweiten \u00dcberblick \u00fcber Kundenbeziehungen und -risiken erstellen, Aktivit\u00e4ten mit verschiedenen Erkennungsmethoden \u00fcberwachen, Verdachtsf\u00e4lle untersuchen und dokumentieren sowie die erforderlichen Reports f\u00fcr die Aufsichtsbeh\u00f6rden erstellen. Dies alles im Rahmen einer integrierten L\u00f6sung, die auf Datenmanagement und Analysefunktionen aufbaut.<\/p>\n<p>Anti Money Laundering ist eine Unternehmensl\u00f6sung, die die kritische Aufgabe der \u00dcberwachung verd\u00e4chtiger Aktivit\u00e4ten auf der Grundlage eines risikobasierten Ansatzes erleichtert.[\/vc_column_text][vc_empty_space height=&#8221;40px&#8221;][\/vc_column_inner][\/vc_row_inner][\/vc_column][\/vc_row][vc_row full_width=&#8221;stretch_row_content&#8221;][vc_column css=&#8221;.vc_custom_1695555863670{padding-right: 0px !important;padding-left: 0px !important;}&#8221;]<div class=\"kd-divider solid_line divider_full_width thin_solid\">\n                <div class=\"divider-line\" style=\"border-color:\"><\/div>\n            <\/div>[vc_empty_space height=&#8221;48px&#8221;][\/vc_column][\/vc_row][vc_row][vc_column css=&#8221;.vc_custom_1695539872009{padding-right: 0px !important;padding-left: 0px !important;}&#8221;][vc_row_inner][vc_column_inner]<header class=\"kd-section-title col-lg-12 text-left solid-line sep-border-width-1    \" ><h3 class=\"separator_on\" >Ihre Vorteile durch Anti-Geldw\u00e4sche<\/h3><div class=\"kd-separator below_title\" ><div class=\"kd-separator-line\" style=\"border-color:#00477f\"><\/div><\/div><\/header>[vc_empty_space height=&#8221;24px&#8221;][\/vc_column_inner][\/vc_row_inner][vc_row_inner][vc_column_inner width=&#8221;1\/2&#8243;][vc_column_text el_class=&#8221;li-fix&#8221;]<\/p>\n<h6>Die AML-L\u00f6sung wendet fortschrittliche Analysen und Szenarien auf die Transaktionsdaten eines Instituts an, um verd\u00e4chtiges Verhalten zu erkennen.<\/h6>\n<h6>Nach der Identifizierung bietet die Ermittlungsfunktion einen nahtlosen Arbeitsablauf, der die Effektivit\u00e4t und Effizienz erh\u00f6ht.<\/h6>\n<p>[\/vc_column_text][vc_empty_space height=&#8221;40px&#8221;][\/vc_column_inner][vc_column_inner width=&#8221;1\/2&#8243;][vc_column_text el_class=&#8221;li-fix&#8221;]<\/p>\n<p class=\"ce_text block\">Unsere Anti-Geldw\u00e4sche-Software hilft Organisationen, Situationen der Nichteinhaltung zu bew\u00e4ltigen und eine nachhaltige und kosteneffiziente L\u00f6sung f\u00fcr die fortlaufende Einhaltung von DS &#8211; AML zu entwickeln. Zu den Risiken der Nichteinhaltung geh\u00f6ren zivil-, geld- und strafrechtliche Strafen, eine erh\u00f6hte Aufmerksamkeit der Aufsichtsbeh\u00f6rden und eine Sch\u00e4digung des Ansehens.<\/p>\n<p class=\"ce_text block\">AML ist n\u00fctzlich f\u00fcr Institutionen, die Probleme mit der Annahme von Bargeld f\u00fcr R\u00fcck\u00fcberweisungen in ihr Heimatland haben, wenn man die potenziellen Auswirkungen der AML-Gesetzgebung betrachtet &#8211; was bedeutet, dass das Gesch\u00e4ft sehr riskant ist.<\/p>\n<p>[\/vc_column_text][vc_empty_space height=&#8221;40px&#8221;][\/vc_column_inner][\/vc_row_inner][vc_row_inner][vc_column_inner width=&#8221;1\/2&#8243; css=&#8221;.vc_custom_1540559968536{padding-right: 50px !important;}&#8221;]<div class=\"key-icon-box icon-default icon-left cont-left ib-no-effect\" style=\"background-color: transparent;\" ><i class=\"fas fa-check\" style=\"font-size: 20px; \"><\/i> <h6 class=\"service-heading\" >Kundenbeziehung und Risikobetrachtung<\/h6><\/div>[\/vc_column_inner][vc_column_inner width=&#8221;1\/2&#8243; css=&#8221;.vc_custom_1540560007529{padding-right: 50px !important;}&#8221;]<div class=\"key-icon-box icon-default icon-left cont-left ib-no-effect\" style=\"background-color: transparent;\" ><i class=\"fas fa-check\" style=\"font-size: 20px; \"><\/i> <h6 class=\"service-heading\" >\u00dcberwachen Sie Aktivit\u00e4ten mit mehreren Erkennungsmethoden<\/h6><\/div>[\/vc_column_inner][\/vc_row_inner][vc_row_inner][vc_column_inner width=&#8221;1\/2&#8243;]<div class=\"key-icon-box icon-default icon-left cont-left ib-no-effect\" style=\"background-color: transparent;\" ><i class=\"fas fa-check\" style=\"font-size: 20px; \"><\/i> <h6 class=\"service-heading\" >Leichte Anpassung an sich \u00e4ndernde Anforderungen<\/h6><\/div>[\/vc_column_inner][vc_column_inner width=&#8221;1\/2&#8243;]<div class=\"key-icon-box icon-default icon-left cont-left ib-no-effect\" style=\"background-color: transparent;\" ><i class=\"fas fa-check\" style=\"font-size: 20px; \"><\/i> <h6 class=\"service-heading\" >L\u00f6sung auf der Grundlage offener Standards<\/h6><\/div>[\/vc_column_inner][\/vc_row_inner][vc_row_inner][vc_column_inner width=&#8221;1\/2&#8243; css=&#8221;.vc_custom_1540559968536{padding-right: 50px !important;}&#8221;]<div class=\"key-icon-box icon-default icon-left cont-left ib-no-effect\" style=\"background-color: transparent;\" ><i class=\"fas fa-check\" style=\"font-size: 20px; \"><\/i> <h6 class=\"service-heading\" >Einfache Integration mit Banksystemen<\/h6><\/div>[\/vc_column_inner][vc_column_inner width=&#8221;1\/2&#8243; css=&#8221;.vc_custom_1540560007529{padding-right: 50px !important;}&#8221;]<div class=\"key-icon-box icon-default icon-left cont-left ib-no-effect\" style=\"background-color: transparent;\" ><i class=\"fas fa-check\" style=\"font-size: 20px; \"><\/i> <h6 class=\"service-heading\" >Analyse der Kundenhistorie von Online- und Offline-Transaktionen<\/h6><\/div>[\/vc_column_inner][\/vc_row_inner][vc_row_inner][vc_column_inner width=&#8221;1\/2&#8243; css=&#8221;.vc_custom_1540559968536{padding-right: 50px !important;}&#8221;]<div class=\"key-icon-box icon-default icon-left cont-left ib-no-effect\" style=\"background-color: transparent;\" ><i class=\"fas fa-check\" style=\"font-size: 20px; \"><\/i> <h6 class=\"service-heading\" >Sanktions-Screening<\/h6><\/div>[\/vc_column_inner][vc_column_inner width=&#8221;1\/2&#8243; css=&#8221;.vc_custom_1540560007529{padding-right: 50px !important;}&#8221;]<div class=\"key-icon-box icon-default icon-left cont-left ib-no-effect\" style=\"background-color: transparent;\" ><i class=\"fas fa-check\" style=\"font-size: 20px; \"><\/i> <h6 class=\"service-heading\" >Offene Schnittstellen f\u00fcr die bedarfsgerechte Integration mit externen Systemen<\/h6><\/div>[\/vc_column_inner][\/vc_row_inner][vc_row_inner][vc_column_inner width=&#8221;1\/2&#8243; css=&#8221;.vc_custom_1540559968536{padding-right: 50px !important;}&#8221;]<div class=\"key-icon-box icon-default icon-left cont-left ib-no-effect\" style=\"background-color: transparent;\" ><i class=\"fas fa-check\" style=\"font-size: 20px; \"><\/i> <h6 class=\"service-heading\" >ISO 15022- und ISO 20022-Nachrichtenpr\u00fcfung<\/h6><\/div>[\/vc_column_inner][vc_column_inner width=&#8221;1\/2&#8243; css=&#8221;.vc_custom_1540560007529{padding-right: 50px !important;}&#8221;]<div class=\"key-icon-box icon-default icon-left cont-left ib-no-effect\" style=\"background-color: transparent;\" ><i class=\"fas fa-check\" style=\"font-size: 20px; \"><\/i> <h6 class=\"service-heading\" >Integriertes Kunden- und Transaktionsarchiv<\/h6><\/div>[\/vc_column_inner][\/vc_row_inner][vc_row_inner][vc_column_inner width=&#8221;1\/2&#8243; css=&#8221;.vc_custom_1540559968536{padding-right: 50px !important;}&#8221;]<div class=\"key-icon-box icon-default icon-left cont-left ib-no-effect\" style=\"background-color: transparent;\" ><i class=\"fas fa-check\" style=\"font-size: 20px; \"><\/i> <h6 class=\"service-heading\" >Vollst\u00e4ndiger und anpassbarer AML-Workflow<\/h6><\/div>[\/vc_column_inner][vc_column_inner width=&#8221;1\/2&#8243; css=&#8221;.vc_custom_1540560007529{padding-right: 50px !important;}&#8221;]<div class=\"key-icon-box icon-default icon-left cont-left ib-no-effect\" style=\"background-color: transparent;\" ><i class=\"fas fa-check\" style=\"font-size: 20px; \"><\/i> <h6 class=\"service-heading\" >Vollst\u00e4ndige AML-Untersuchungshistorie mit Pr\u00fcfpfaden<\/h6><\/div>[\/vc_column_inner][\/vc_row_inner][vc_row_inner][vc_column_inner width=&#8221;1\/2&#8243; css=&#8221;.vc_custom_1540559968536{padding-right: 50px !important;}&#8221;]<div class=\"key-icon-box icon-default icon-left cont-left ib-no-effect\" style=\"background-color: transparent;\" ><i class=\"fas fa-check\" style=\"font-size: 20px; \"><\/i> <h6 class=\"service-heading\" >Hochmodernes Aktenmanagement System<\/h6><\/div>[\/vc_column_inner][vc_column_inner width=&#8221;1\/2&#8243; css=&#8221;.vc_custom_1540560007529{padding-right: 50px !important;}&#8221;][\/vc_column_inner][\/vc_row_inner][\/vc_column][\/vc_row][vc_row full_width=&#8221;stretch_row_content&#8221;][vc_column css=&#8221;.vc_custom_1695557524752{padding-right: 0px !important;padding-left: 0px !important;}&#8221;][vc_empty_space height=&#8221;40px&#8221;]<div class=\"kd-divider solid_line divider_full_width thin_solid\">\n                <div class=\"divider-line\" style=\"border-color:\"><\/div>\n            <\/div>[vc_empty_space height=&#8221;48px&#8221;][\/vc_column][\/vc_row][vc_row][vc_column css=&#8221;.vc_custom_1695539872009{padding-right: 0px !important;padding-left: 0px !important;}&#8221;][vc_row_inner][vc_column_inner]<header class=\"kd-section-title col-lg-12 text-left solid-line sep-border-width-1    \" ><h3 class=\"separator_on\" >Funktionelle Highlights<\/h3><div class=\"kd-separator below_title\" ><div class=\"kd-separator-line\" style=\"border-color:#00477f\"><\/div><\/div><\/header>[vc_empty_space height=&#8221;24px&#8221;][\/vc_column_inner][\/vc_row_inner][vc_row_inner][vc_column_inner el_class=&#8221;pr-tablet&#8221; width=&#8221;1\/2&#8243; css=&#8221;.vc_custom_1695546841396{padding-right: 50px !important;}&#8221;]<div class=\"key-icon-box icon-default icon-top cont-left ib-no-effect   li-fix icon-box-fix\" style=\"background-color: transparent;\" ><i class=\"\" style=\" \"><\/i> <h5 class=\"service-heading\" >AML-Arbeitsablauf<\/h5><p ><\/p>\n<ul>\n<li>Anpassbarer mehrschichtiger Arbeitsablauf<\/li>\n<li>Automatische und manuelle Fallerstellung<\/li>\n<li>Vollst\u00e4ndig anpassbare Benachrichtigungen<\/li>\n<li>Regelbasierte Weiterleitung von F\u00e4llen<\/li>\n<li>Umfangreiche Rechte mit fein abgestufter Zugriffskontrolle<\/li>\n<\/ul>\n<p><\/p><\/div>[vc_empty_space height=&#8221;16px&#8221;][\/vc_column_inner][vc_column_inner el_class=&#8221;pl-tablet&#8221; width=&#8221;1\/2&#8243; css=&#8221;.vc_custom_1695547594312{padding-right: 50px !important;}&#8221;]<div class=\"key-icon-box icon-default icon-top cont-left ib-no-effect   li-fix icon-box-fix li-fix-with-padding\" style=\"background-color: transparent;\" ><i class=\"\" style=\" \"><\/i> <h5 class=\"service-heading\" >Sanktions-Screening<\/h5><p ><\/p>\n<ul>\n<li>\u00dcberpr\u00fcft Namen, Identifikationen und L\u00e4nder<\/li>\n<li>\n<div>Gro\u00dfe Auswahl an Sanktionslisten verf\u00fcgbar<\/div>\n<\/li>\n<li>\n<div>M\u00f6glichkeit, benutzerdefinierte Black\/Whitelists zu definieren und zu pflegen<\/div>\n<\/li>\n<li>\n<div>Vollst\u00e4ndig in die AML-Analyse-Engine integriert<\/div>\n<\/li>\n<\/ul>\n<p><\/p><\/div>[vc_empty_space height=&#8221;16px&#8221;][\/vc_column_inner][\/vc_row_inner][vc_row_inner][vc_column_inner el_class=&#8221;pr-tablet&#8221; width=&#8221;1\/2&#8243;]<div class=\"key-icon-box icon-default icon-top cont-left ib-no-effect   li-fix icon-box-fix\" style=\"background-color: transparent;\" ><i class=\"\" style=\" \"><\/i> <h5 class=\"service-heading\" >Analyse der Transaktionshistorie<\/h5><p ><\/p>\n<ul>\n<li>Hochgradig flexibel, basierend auf hierarchischen Regeln<\/li>\n<li>Deckt alle g\u00e4ngigen AML-Szenarien ab<\/li>\n<li>Erweiterbar f\u00fcr andere Dom\u00e4nen<br \/>\n&#8211; Interne und externe Betrugsaufdeckung<br \/>\n&#8211; Verfolgung des Kundenverhaltens<\/li>\n<li>Anpassungsf\u00e4hig an spezifische Kundenanforderungen<\/li>\n<li>Punktebasierte<\/li>\n<\/ul>\n<p><\/p><\/div>[vc_empty_space height=&#8221;16px&#8221;][\/vc_column_inner][vc_column_inner el_class=&#8221;pl-tablet&#8221; width=&#8221;1\/2&#8243;]<div class=\"key-icon-box icon-default icon-top cont-left ib-no-effect   li-fix icon-box-fix li-fix-with-padding\" style=\"background-color: transparent;\" ><i class=\"\" style=\" \"><\/i> <h5 class=\"service-heading\" >Integration<\/h5><p ><\/p>\n<ul>\n<li>Die L\u00f6sung basiert auf offenen Standards<\/li>\n<li>Einfache Integration mit Banksystemen<\/li>\n<li>Kan\u00e4le f\u00fcr Zahlungsnachrichten zur Pr\u00fcfung von ISO 15022- und ISO 20022-konformen Nachrichten<\/li>\n<li>Unterst\u00fctzung f\u00fcr vollst\u00e4ndige Anpassung<\/li>\n<\/ul>\n<p><\/p><\/div>[vc_empty_space height=&#8221;16px&#8221;][\/vc_column_inner][\/vc_row_inner][vc_row_inner][vc_column_inner css=&#8221;.vc_custom_1695548034972{padding-right: 0px !important;padding-left: 0px !important;}&#8221;][vc_empty_space height=&#8221;24px&#8221;]<div class=\"kd-calltoaction no_icon \" >\n                <div class=\"container\">\n                  <div class=\"cta-text-container \" ><div class=\"cta-text\">\n                        <h3 >Erfahren Sie mehr \u00fcber MSIT-AML!<\/h3><p >Kontaktieren Sie uns f\u00fcr eine Demo, um mehr \u00fcber MSIT-AML zu erfahren.<\/p><\/div>\n                    <\/div>\n                    <div class=\"cta-btncontainer\"><a href=\"https:\/\/www.msit.at\/de\/bestellung-einer-demo\/\"  title=\"Bestellung einer Demo\" class=\"tt_button tt_secondary_button button-action-link btn_primary_color \" >Bestellung einer Demo<\/a><\/div>\n                <\/div>\n            <\/div>[vc_empty_space height=&#8221;24px&#8221;][\/vc_column_inner][\/vc_row_inner][\/vc_column][\/vc_row][vc_row full_width=&#8221;stretch_row&#8221; css=&#8221;.vc_custom_1695551190587{background-color: #f3f3f3 !important;}&#8221;][vc_column css=&#8221;.vc_custom_1695023859253{padding-right: 0px !important;padding-left: 0px !important;}&#8221;][vc_row_inner][vc_column_inner][vc_empty_space height=&#8221;80px&#8221;]<header class=\"kd-section-title col-lg-8 vc_col-sm-8 text-left solid-line sep-border-width-1    \" ><h2 class=\"separator_on\" >Andere Produkte<\/h2><div class=\"kd-separator below_title\" ><div class=\"kd-separator-line\" style=\"border-color:#00477f\"><\/div><\/div><\/header>[\/vc_column_inner][\/vc_row_inner][vc_empty_space height=&#8221;40px&#8221; el_class=&#8221;desktop-only&#8221;][vc_row_inner el_class=&#8221;solutions-cards-row&#8221; css=&#8221;.vc_custom_1695025455421{padding-right: 0px !important;padding-left: 0px !important;}&#8221;][vc_column_inner el_class=&#8221;solutions-card active&#8221; width=&#8221;1\/3&#8243; css=&#8221;.vc_custom_1695540194287{padding-top: 0px !important;padding-right: 0px !important;padding-bottom: 0px !important;padding-left: 0px !important;}&#8221;][vc_column_text]<\/p>\n<h6>MSIT-CMM<\/h6>\n<h4>Case und Message Management<\/h4>\n<p>Entwicklung von L\u00f6sungen mit Kommunikationskan\u00e4len zum SWIFT-Netz, E-Mail und webbasierten Self-Services zur Unterst\u00fctzung eines kosteng\u00fcnstigen, effizienten und benutzerfreundlichen Case- und Message-Managements.[\/vc_column_text]<a style=\"width: 100%;\" href=\"\"   class=\"tt_button tt_secondary_button btn_primary_color  button-center button-action-link\" ><span class=\"prim_text\">Mehr erfahren<\/span><\/a>[\/vc_column_inner][vc_column_inner el_class=&#8221;solutions-card active&#8221; width=&#8221;1\/3&#8243; css=&#8221;.vc_custom_1695540217289{padding-right: 0px !important;padding-left: 0px !important;}&#8221;][vc_column_text]<\/p>\n<h6>MSIT-CARE<\/h6>\n<h4>Cash Management<\/h4>\n<p>Entwicklung von Cash-Reporting-Anwendungen zur schnelleren Bereitstellung von Konto- und Transaktionsinformationen in Echtzeit, um die Optimierung von Bilanzen, Risiko- und Investitionsmanagement zu unterst\u00fctzen.[\/vc_column_text]<a style=\"width: 100%;\" href=\"\"   class=\"tt_button tt_secondary_button btn_primary_color  button-center button-action-link\" ><span class=\"prim_text\">Mehr erfahren<\/span><\/a>[\/vc_column_inner][vc_column_inner el_class=&#8221;solutions-card active&#8221; width=&#8221;1\/3&#8243; css=&#8221;.vc_custom_1695540214687{padding-right: 0px !important;padding-left: 0px !important;}&#8221;][vc_column_text]<\/p>\n<h6>MSIT-EXIN<\/h6>\n<h4>Reklamationsbearbeitung<\/h4>\n<p>Die Business-Applikation Exceptions and Investigation wurde f\u00fcr den gesamten Lebenszyklus der Reklamationsprozesse aller SEPA- und Non-SEPA-Zahlungsuntersuchungen entwickelt, um die Hindernisse f\u00fcr STP zu beseitigen und eine vollst\u00e4ndig standardisierte und automatisierte Kommunikation zu bieten.[\/vc_column_text]<a style=\"width: 100%;\" href=\"\"   class=\"tt_button tt_secondary_button btn_primary_color  button-center button-action-link\" ><span class=\"prim_text\">Mehr erfahren<\/span><\/a>[\/vc_column_inner][\/vc_row_inner][vc_empty_space el_class=&#8221;hide-mobile&#8221;][vc_row_inner el_class=&#8221;solutions-cards-row&#8221; css=&#8221;.vc_custom_1695025455421{padding-right: 0px !important;padding-left: 0px !important;}&#8221;][vc_column_inner el_class=&#8221;solutions-card active&#8221; width=&#8221;1\/3&#8243; css=&#8221;.vc_custom_1695540220274{padding-top: 0px !important;padding-right: 0px !important;padding-bottom: 0px !important;padding-left: 0px !important;}&#8221;][vc_column_text]<\/p>\n<h6>MSIT-Archivierung<\/h6>\n<h4>Archivierung<\/h4>\n<p>Entwicklung eines flexiblen, vielseitigen und sehr leistungsf\u00e4higen Softwareinstruments, das f\u00fcr jede Art von Unternehmen oder Organisation geeignet ist, die Nachrichten verarbeiten und ein zuverl\u00e4ssiges Werkzeug zur Archivierung, Suche und Untersuchung von Nachrichteninformationen ben\u00f6tigen.[\/vc_column_text]<a style=\"width: 100%;\" href=\"\"   class=\"tt_button tt_secondary_button btn_primary_color  button-center button-action-link\" ><span class=\"prim_text\">Mehr erfahren<\/span><\/a>[\/vc_column_inner][vc_column_inner el_class=&#8221;solutions-card active&#8221; width=&#8221;1\/3&#8243; css=&#8221;.vc_custom_1695540225512{padding-right: 0px !important;padding-left: 0px !important;}&#8221;][vc_column_text]<\/p>\n<h6>MSIT-COREN<\/h6>\n<h4>Datenabgleich<\/h4>\n<p>MSIT-COREN (COnfigurable Reconciliation ENgine) ist die innovative L\u00f6sung zur Automatisierung der \u00dcberwachung von Datenbeziehungen, da sie eine hochflexible Reconciliation Processing Engine bietet, die eine einfache Anpassung an spezielle Szenarien und spezifische Anforderungen erm\u00f6glicht.[\/vc_column_text]<a style=\"width: 100%;\" href=\"\"   class=\"tt_button tt_secondary_button btn_primary_color  button-center button-action-link\" ><span class=\"prim_text\">Mehr erfahren<\/span><\/a>[\/vc_column_inner][vc_column_inner el_class=&#8221;solutions-card active&#8221; width=&#8221;1\/3&#8243; css=&#8221;.vc_custom_1695540228214{padding-right: 0px !important;padding-left: 0px !important;}&#8221;][vc_column_text]<\/p>\n<h4>XML-Nachrichten- und Schnittstellenmanagement<\/h4>\n<p>Nahtlose und einfache Integration von E&amp;I-Funktionen in Anwendungen von Drittanbietern. Diese l\u00f6sungsbasierte Gesch\u00e4ftsanwendung bietet ein leistungsf\u00e4higes Channelmanagement f\u00fcr die gemeinsame Anbindung an SWIFT \u00fcber SAA\/SAG\/WBIFN oder andere.[\/vc_column_text]<a style=\"width: 100%;\" href=\"https:\/\/www.msit.at\/de\/kontakt\/\"  target=\"_self\"  title=\"\" class=\"tt_button tt_secondary_button btn_primary_color  button-center button-action-link\" ><span class=\"prim_text\">Kontakt<\/span><\/a>[\/vc_column_inner][\/vc_row_inner][vc_empty_space height=&#8221;80px&#8221;][\/vc_column][\/vc_row][vc_row full_width=&#8221;stretch_row&#8221; css=&#8221;.vc_custom_1695548381326{margin-right: 15px !important;margin-left: 15px !important;background-image: url(https:\/\/www.msit.at\/wp-content\/uploads\/2023\/09\/background-gradient.jpg?id=7796) !important;background-position: center !important;background-repeat: no-repeat !important;background-size: cover !important;}&#8221;][vc_column css=&#8221;.vc_custom_1694862531504{padding-top: 80px !important;padding-bottom: 80px !important;}&#8221;][vc_empty_space height=&#8221;80px&#8221; el_class=&#8221;mobile-only&#8221;][vc_row_inner][vc_column_inner width=&#8221;1\/4&#8243; offset=&#8221;vc_hidden-xs&#8221;][\/vc_column_inner][vc_column_inner width=&#8221;1\/2&#8243;]<header class=\"kd-section-title col-lg-12 text-center  kd-animated fadeIn  \" data-animation-delay=200><h3 class=\"separator_off\" >Sind Sie bereit, loszulegen?<\/h3><h6 class=\"subtitle \" style=\"color: #606060;\">Vereinbaren Sie einen Termin mit uns, um mehr \u00fcber unsere Produkte zu erfahren oder diese in einer Demo zu sehen.<\/h6><\/header>[vc_empty_space height=&#8221;16px&#8221;][\/vc_column_inner][vc_column_inner width=&#8221;1\/4&#8243; offset=&#8221;vc_hidden-xs&#8221;][\/vc_column_inner][\/vc_row_inner][vc_empty_space height=&#8221;24px&#8221; el_class=&#8221;mobile-only&#8221;][vc_row_inner][vc_column_inner el_class=&#8221;pr-tablet&#8221; width=&#8221;1\/2&#8243; css=&#8221;.vc_custom_1694871660026{padding-right: 0px !important;padding-left: 0px !important;}&#8221;]<a  class=\"tt_button tt_primary_button btn_primary_color  pull-right panel-trigger-btn  kd-animated zoomIn mobile-full-width\" data-animation-delay=200><span class=\"prim_text\">Buchen Sie ein Meeting<\/span><\/a>[vc_empty_space height=&#8221;16px&#8221; el_class=&#8221;mobile-only&#8221;][\/vc_column_inner][vc_column_inner width=&#8221;1\/2&#8243; css=&#8221;.vc_custom_1694871663735{padding-right: 0px !important;padding-left: 0px !important;}&#8221;]<a  href=\"https:\/\/www.msit.at\/de\/bestellung-einer-demo\/\"  target=\"_self\"  title=\"\" class=\"tt_button tt_secondary_button btn_primary_color hover_solid_primary pull-left button-action-link  kd-animated zoomIn mobile-full-width\" data-animation-delay=200><span class=\"prim_text\">Bestellung einer Demo<\/span><\/a>[\/vc_column_inner][\/vc_row_inner][vc_empty_space height=&#8221;80px&#8221; el_class=&#8221;mobile-only&#8221;][\/vc_column][\/vc_row]<\/p>\n<\/section>","protected":false},"excerpt":{"rendered":"<p>[vc_row css=&#8221;.vc_custom_1695549730691{padding-top: 200px !important;}&#8221;][vc_column css=&#8221;.vc_custom_1695016336119{padding-right: 0px !important;padding-left: 0px !important;}&#8221;][vc_row_inner equal_height=&#8221;yes&#8221; content_placement=&#8221;middle&#8221;][vc_column_inner width=&#8221;1\/2&#8243;][vc_column_text] MSIT-AML [\/vc_column_text][vc_empty_space height=&#8221;12px&#8221;][vc_empty_space height=&#8221;16px&#8221;][vc_empty_space height=&#8221;16px&#8221; el_class=&#8221;mobile-only&#8221;][vc_empty_space height=&#8221;40px&#8221;][vc_empty_space height=&#8221;40px&#8221; el_class=&#8221;mobile-only&#8221;][\/vc_column_inner][vc_column_inner width=&#8221;1\/2&#8243; css=&#8221;.vc_custom_1695018155571{margin-top: -64px !important;margin-right: -73px !important;margin-left: 80px !important;background-position: center !important;background-repeat: no-repeat [&hellip;]<\/p>\n","protected":false},"author":2,"featured_media":0,"parent":9345,"menu_order":0,"comment_status":"closed","ping_status":"closed","template":"","meta":{"footnotes":""},"class_list":["post-9341","page","type-page","status-publish","hentry"],"_links":{"self":[{"href":"https:\/\/www.msit.at\/de\/wp-json\/wp\/v2\/pages\/9341","targetHints":{"allow":["GET"]}}],"collection":[{"href":"https:\/\/www.msit.at\/de\/wp-json\/wp\/v2\/pages"}],"about":[{"href":"https:\/\/www.msit.at\/de\/wp-json\/wp\/v2\/types\/page"}],"author":[{"embeddable":true,"href":"https:\/\/www.msit.at\/de\/wp-json\/wp\/v2\/users\/2"}],"replies":[{"embeddable":true,"href":"https:\/\/www.msit.at\/de\/wp-json\/wp\/v2\/comments?post=9341"}],"version-history":[{"count":18,"href":"https:\/\/www.msit.at\/de\/wp-json\/wp\/v2\/pages\/9341\/revisions"}],"predecessor-version":[{"id":9572,"href":"https:\/\/www.msit.at\/de\/wp-json\/wp\/v2\/pages\/9341\/revisions\/9572"}],"up":[{"embeddable":true,"href":"https:\/\/www.msit.at\/de\/wp-json\/wp\/v2\/pages\/9345"}],"wp:attachment":[{"href":"https:\/\/www.msit.at\/de\/wp-json\/wp\/v2\/media?parent=9341"}],"curies":[{"name":"wp","href":"https:\/\/api.w.org\/{rel}","templated":true}]}}