{"id":9343,"date":"2023-09-24T11:01:19","date_gmt":"2023-09-24T11:01:19","guid":{"rendered":"https:\/\/www.msit.at\/cmm-case-und-message-management\/"},"modified":"2024-03-11T19:08:15","modified_gmt":"2024-03-11T19:08:15","slug":"cmm-case-und-message-management","status":"publish","type":"page","link":"https:\/\/www.msit.at\/de\/produkte\/cmm-case-und-message-management\/","title":{"rendered":"CMM &#8211; Case und Message Management"},"content":{"rendered":"<section class=\"wpb-content-wrapper\"><p>[vc_row css=&#8221;.vc_custom_1695549730691{padding-top: 200px !important;}&#8221;][vc_column css=&#8221;.vc_custom_1695016336119{padding-right: 0px !important;padding-left: 0px !important;}&#8221;][vc_row_inner equal_height=&#8221;yes&#8221; content_placement=&#8221;middle&#8221;][vc_column_inner width=&#8221;1\/2&#8243;][vc_column_text]<\/p>\n<h4 class=\"text-primary\">MSIT-CMM<\/h4>\n<p>[\/vc_column_text][vc_empty_space height=&#8221;12px&#8221;]<header class=\"kd-section-title col-lg-12 text-left    \" ><h1 class=\"separator_off\" >Wertorientiertes Case und Message Management<\/h1><\/header>[vc_empty_space height=&#8221;16px&#8221;][vc_empty_space height=&#8221;16px&#8221; el_class=&#8221;mobile-only&#8221;]<a  class=\"tt_button tt_secondary_button btn_primary_color  pull-left panel-trigger-btn   mobile-full-width\" ><span class=\"prim_text\">Buchen Sie ein Meeting<\/span><\/a>[vc_empty_space height=&#8221;40px&#8221;][vc_empty_space height=&#8221;40px&#8221; el_class=&#8221;mobile-only&#8221;][\/vc_column_inner][vc_column_inner width=&#8221;1\/2&#8243; css=&#8221;.vc_custom_1695018155571{margin-top: -64px !important;margin-right: -73px !important;margin-left: 80px !important;background-position: center !important;background-repeat: no-repeat !important;background-size: cover !important;}&#8221;][vc_single_image image=&#8221;8994&#8243; img_size=&#8221;full&#8221;][\/vc_column_inner][\/vc_row_inner][vc_row_inner][vc_column_inner][vc_empty_space height=&#8221;64px&#8221;]<header class=\"kd-section-title col-lg-12 text-left solid-line sep-border-width-1    \" ><h3 class=\"separator_on\" >MSIT-CMM - der Anbieter von benutzerfreundlichen L\u00f6sungen<\/h3><div class=\"kd-separator below_title\" ><div class=\"kd-separator-line\" style=\"border-color:#00477f\"><\/div><\/div><\/header>[vc_empty_space height=&#8221;16px&#8221;][\/vc_column_inner][\/vc_row_inner][vc_row_inner][vc_column_inner width=&#8221;1\/2&#8243;][vc_column_text el_class=&#8221;li-fix&#8221;]<\/p>\n<h6>Unter Ber\u00fccksichtigung der Anforderungen an benutzerfreundliche L\u00f6sungen haben wir MSIT-CMM entwickelt &#8211; die optimale L\u00f6sung f\u00fcr wertorientiertes Case und Message Management.<\/h6>\n<p>[\/vc_column_text][vc_empty_space height=&#8221;40px&#8221;][\/vc_column_inner][vc_column_inner width=&#8221;1\/2&#8243;][vc_column_text el_class=&#8221;li-fix&#8221;]<\/p>\n<p align=\"justify\">MSIT-CMM ist eine Gesch\u00e4ftsanwendung f\u00fcr ein universelles Case Management, Workflow und Message Handling und kann daher in verschiedenen Gesch\u00e4ftsbereichen eingesetzt werden. Bei der Entwicklung unserer L\u00f6sung MSIT-CMM war es das Ziel, ein Produkt bereitzustellen, mit dem ein optimiertes Gesch\u00e4ftsprozessmanagement verfolgt wird.<\/p>\n<p align=\"justify\">MSIT -CMM ist die Grundlage f\u00fcr ein <strong>benutzerfreundliches, effizientes, kosteng\u00fcnstiges, ordnungsgem\u00e4\u00dfes<\/strong> und <strong>zeitgerechtes<\/strong> Case- und Message-Management.<\/p>\n<p>[\/vc_column_text][vc_empty_space height=&#8221;40px&#8221;][\/vc_column_inner][\/vc_row_inner][\/vc_column][\/vc_row][vc_row full_width=&#8221;stretch_row_content&#8221;][vc_column]<div class=\"kd-divider dotted_line divider_full_width \">\n                <div class=\"divider-line\" style=\"border-color:\"><\/div>\n            <\/div>[vc_empty_space height=&#8221;48px&#8221;][\/vc_column][\/vc_row][vc_row][vc_column css=&#8221;.vc_custom_1695539872009{padding-right: 0px !important;padding-left: 0px !important;}&#8221;][vc_row_inner][vc_column_inner]<header class=\"kd-section-title col-lg-8 vc_col-sm-8 text-left solid-line sep-border-width-1    \" ><h3 class=\"separator_on\" >Ihre Vorteile von MSIT-CMM<\/h3><div class=\"kd-separator below_title\" ><div class=\"kd-separator-line\" style=\"border-color:#00477f\"><\/div><\/div><h6 class=\"subtitle \" >Eine Integration der heutigen Kommunikationskan\u00e4le und SWIFT-Schnittstellen, wie z.B. E-Mail und Fax \u00fcber E-Mail-Anbindung und verschiedene Schnittstellen wie SWIFT - MT, SWIFT - MX und Self-Service, erm\u00f6glicht dem Anwender ein dynamisches, benutzerfreundliches und wertorientiertes Fall- und Nachrichtenmanagement.<\/h6><\/header>[vc_empty_space height=&#8221;24px&#8221;][\/vc_column_inner][\/vc_row_inner][vc_row_inner][vc_column_inner el_class=&#8221;pr-tablet&#8221; width=&#8221;1\/3&#8243; css=&#8221;.vc_custom_1695546929486{padding-right: 50px !important;}&#8221;]<div class=\"key-icon-box icon-default icon-top cont-left ib-no-effect   li-fix icon-box-fix\" style=\"background-color: transparent;\" ><i class=\"iconsmind-Optimization iconsmind-Seo-Icons\" style=\" \"><\/i> <h5 class=\"service-heading\" >Optimiertes Gesch\u00e4ftsprozessmanagement<\/h5><p ><\/p>\n<ul>\n<li>\n<div align=\"justify\">M\u00f6glichkeit, jederzeit Informationen zur Verf\u00fcgung zu stellen<\/div>\n<\/li>\n<li>\n<div align=\"justify\">Da die Weiterleitung und Priorisierung von F\u00e4llen m\u00f6glich ist, k\u00f6nnen die Fehlerquoten bei der Zuweisung von F\u00e4llen erheblich reduziert werden.<\/div>\n<\/li>\n<li>\n<div align=\"justify\">Weniger Fehler bei der Dateneingabe, da es nur einen einzigen Zugangspunkt zu allen Informationen gibt<\/div>\n<\/li>\n<\/ul>\n<p><\/p><\/div>[vc_empty_space height=&#8221;16px&#8221;][\/vc_column_inner][vc_column_inner el_class=&#8221;pr-tablet pl-tablet&#8221; width=&#8221;1\/3&#8243; css=&#8221;.vc_custom_1695546935191{padding-right: 50px !important;}&#8221;]<div class=\"key-icon-box icon-default icon-top cont-left ib-no-effect   li-fix icon-box-fix li-fix-with-padding\" style=\"background-color: transparent;\" ><i class=\"iconsmind-Financial iconsmind-Business-Finance\" style=\" \"><\/i> <h5 class=\"service-heading\" >Kosten-Wirksamkeit<\/h5><p ><\/p>\n<ul>\n<li>\n<div align=\"justify\">Einsparung von Aufwand durch automatische Erkennung von F\u00e4llen<\/div>\n<\/li>\n<li>\n<div align=\"justify\">Erhebliche Verringerung der Arbeitsbelastung<\/div>\n<\/li>\n<li>\n<div align=\"justify\">Deutliche Senkung der Verarbeitungskosten<\/div>\n<\/li>\n<\/ul>\n<p><\/p><\/div>[vc_empty_space height=&#8221;16px&#8221;][\/vc_column_inner][vc_column_inner el_class=&#8221;pl-tablet&#8221; width=&#8221;1\/3&#8243;]<div class=\"key-icon-box icon-default icon-top cont-left ib-no-effect   li-fix icon-box-fix li-fix-with-padding\" style=\"background-color: transparent;\" ><i class=\"iconsmind-Support iconsmind-User-Interface\" style=\" \"><\/i> <h5 class=\"service-heading\" >Verbesserter Kundenservice<\/h5><p ><\/p>\n<ul>\n<li>\n<div align=\"justify\">K\u00fcrzere Bearbeitungszeiten f\u00fchren zu einem schnelleren und professionellen Kundenservice<\/div>\n<\/li>\n<li>\n<div align=\"justify\">K\u00fcrzere Reaktionszeiten<\/div>\n<\/li>\n<li>\n<div align=\"justify\">Durch die optimierte Abwicklung k\u00f6nnen Sie sich auf die Bed\u00fcrfnisse Ihrer Kunden konzentrieren<\/div>\n<\/li>\n<\/ul>\n<p><\/p><\/div>[vc_empty_space height=&#8221;16px&#8221;][\/vc_column_inner][\/vc_row_inner][\/vc_column][\/vc_row][vc_row full_width=&#8221;stretch_row_content&#8221;][vc_column css=&#8221;.vc_custom_1695554235621{padding-right: 0px !important;padding-left: 0px !important;}&#8221;][vc_empty_space height=&#8221;40px&#8221;]<div class=\"kd-divider solid_line divider_full_width thin_solid\">\n                <div class=\"divider-line\" style=\"border-color:\"><\/div>\n            <\/div>[vc_empty_space height=&#8221;48px&#8221;][\/vc_column][\/vc_row][vc_row][vc_column css=&#8221;.vc_custom_1695539872009{padding-right: 0px !important;padding-left: 0px !important;}&#8221;][vc_row_inner][vc_column_inner]<header class=\"kd-section-title col-lg-12 text-left solid-line sep-border-width-1    \" ><h3 class=\"separator_on\" >Funktionelle H\u00f6hepunkte<\/h3><div class=\"kd-separator below_title\" ><div class=\"kd-separator-line\" style=\"border-color:#00477f\"><\/div><\/div><\/header>[vc_empty_space height=&#8221;24px&#8221;][\/vc_column_inner][\/vc_row_inner][vc_row_inner css=&#8221;.vc_custom_1695554433013{padding-right: 0px !important;padding-left: 0px !important;}&#8221;][vc_column_inner el_class=&#8221;pr-tablet&#8221; width=&#8221;1\/2&#8243; css=&#8221;.vc_custom_1695546841396{padding-right: 50px !important;}&#8221;]<div class=\"key-icon-box icon-default icon-top cont-left ib-no-effect   li-fix icon-box-fix\" style=\"background-color: transparent;\" ><i class=\"\" style=\" \"><\/i> <h5 class=\"service-heading\" >Automatische Fall- und Nachrichtenverwaltung<\/h5><p ><\/p>\n<ul>\n<li>\n<div>Auf der Grundlage der eingehenden Meldungen werden automatisch F\u00e4lle erstellt oder k\u00f6nnen auch manuell erstellt und korrigiert werden.<\/div>\n<\/li>\n<li>\n<div>Kontrolle und Genehmigung von Nachrichten (4-Augen-Prinzip)<\/div>\n<\/li>\n<li>\n<div>Ein \u00fcbersichtlicher Pr\u00fcfpfad zeigt alle im Rahmen der Ermittlungen durchgef\u00fchrten Aktionen an. Benutzerinformationen, Datum und Uhrzeit werden ebenfalls im Pr\u00fcfpfad aufgezeichnet.<\/div>\n<\/li>\n<li>\n<div>Priorisierung der F\u00e4lle<\/div>\n<\/li>\n<li>\n<div>Duplikat- Pr\u00fcfung<\/div>\n<\/li>\n<li>\n<div>Automatische Zuordnung von Antworten zu bestehenden F\u00e4llen<\/div>\n<\/li>\n<\/ul>\n<p><\/p><\/div>[vc_empty_space height=&#8221;16px&#8221;][\/vc_column_inner][vc_column_inner el_class=&#8221;pl-tablet&#8221; width=&#8221;1\/2&#8243; css=&#8221;.vc_custom_1695547594312{padding-right: 50px !important;}&#8221;]<div class=\"key-icon-box icon-default icon-top cont-left ib-no-effect   li-fix icon-box-fix li-fix-with-padding\" style=\"background-color: transparent;\" ><i class=\"\" style=\" \"><\/i> <h5 class=\"service-heading\" >Mehrkanalige<\/h5><p ><\/p>\n<ul>\n<li>\n<div>Integration bestehender Kommunikationskan\u00e4le, wie E-Mail und FAX, SWIFT MT, SWIFT MX sowie anderer Kan\u00e4le und Self-Service<\/div>\n<\/li>\n<\/ul>\n<p><\/p><\/div>[vc_empty_space height=&#8221;16px&#8221;][\/vc_column_inner][\/vc_row_inner][vc_row_inner][vc_column_inner el_class=&#8221;pr-tablet&#8221; width=&#8221;1\/2&#8243;]<div class=\"key-icon-box icon-default icon-top cont-left ib-no-effect   li-fix icon-box-fix\" style=\"background-color: transparent;\" ><i class=\"\" style=\" \"><\/i> <h5 class=\"service-heading\" >WEB-Client<\/h5><p ><\/p>\n<ul>\n<li>\n<div>Benutzerfreundliche und wertsch\u00f6pfende Softwarel\u00f6sung f\u00fcr das Fall- und Nachrichtenmanagement, die in verschiedenen Sprachen verf\u00fcgbar ist<\/div>\n<\/li>\n<\/ul>\n<p><\/p><\/div>[vc_empty_space height=&#8221;16px&#8221;][\/vc_column_inner][vc_column_inner el_class=&#8221;pl-tablet&#8221; width=&#8221;1\/2&#8243;]<div class=\"key-icon-box icon-default icon-top cont-left ib-no-effect   li-fix icon-box-fix li-fix-with-padding\" style=\"background-color: transparent;\" ><i class=\"\" style=\" \"><\/i> <h5 class=\"service-heading\" >Ausgezeichnete Berichterstattung<\/h5><p ><\/p>\n<ul>\n<li>\n<div>Das Berichtstool bietet sowohl Standard- als auch individuelle Berichte.<\/div>\n<\/li>\n<li>\n<div>Standardberichte werden als Dashboards angezeigt und k\u00f6nnen zur weiteren Bearbeitung exportiert werden<\/div>\n<\/li>\n<\/ul>\n<p><\/p><\/div>[vc_empty_space height=&#8221;16px&#8221;][\/vc_column_inner][\/vc_row_inner][vc_row_inner][vc_column_inner el_class=&#8221;pr-tablet&#8221; width=&#8221;1\/2&#8243;]<div class=\"key-icon-box icon-default icon-top cont-left ib-no-effect   li-fix icon-box-fix\" style=\"background-color: transparent;\" ><i class=\"\" style=\" \"><\/i> <h5 class=\"service-heading\" >Mehrere K\u00f6rperschaften<\/h5><p ><\/p>\n<ul>\n<li>\n<div>Dank der Multi-Entity-Architektur kann die Anwendung konzernweit in Zentralen, Niederlassungen und Filialen eingesetzt werden<\/div>\n<\/li>\n<\/ul>\n<p><\/p><\/div>[vc_empty_space height=&#8221;16px&#8221;][\/vc_column_inner][vc_column_inner el_class=&#8221;pl-tablet&#8221; width=&#8221;1\/2&#8243;]<div class=\"key-icon-box icon-default icon-top cont-left ib-no-effect   li-fix icon-box-fix li-fix-with-padding\" style=\"background-color: transparent;\" ><i class=\"\" style=\" \"><\/i> <h5 class=\"service-heading\" >Nahtlose Integration in bestehende Systeme<\/h5><p ><\/p>\n<ul>\n<li>Schnelle und nahtlose Implementierung von Standard-Schnittstellenverbindungen<\/li>\n<li>Websphere MQ, Webservice und Schnittstellen \u00fcber Dateien<\/li>\n<\/ul>\n<p><\/p><\/div>[vc_empty_space height=&#8221;16px&#8221;][\/vc_column_inner][\/vc_row_inner][vc_row_inner][vc_column_inner el_class=&#8221;pr-tablet&#8221;]<div class=\"key-icon-box icon-default icon-top cont-left ib-no-effect   li-fix icon-box-fix\" style=\"background-color: transparent;\" ><i class=\"\" style=\" \"><\/i> <h5 class=\"service-heading\" >Flexible Parametrisierung<\/h5><p ><\/p>\n<ul>\n<li>Anpassung an die spezifischen Anforderungen und Bed\u00fcrfnisse des Kunden<\/li>\n<li>Kundenspezifische Implementierungsoptionen und Konfiguration<\/li>\n<li>Hochgradig flexible Gesch\u00e4ftsregeln<\/li>\n<\/ul>\n<p><\/p><\/div>[vc_empty_space height=&#8221;16px&#8221;][\/vc_column_inner][\/vc_row_inner][vc_row_inner][vc_column_inner css=&#8221;.vc_custom_1695548034972{padding-right: 0px !important;padding-left: 0px !important;}&#8221;][vc_empty_space height=&#8221;24px&#8221;]<div class=\"kd-calltoaction no_icon \" >\n                <div class=\"container\">\n                  <div class=\"cta-text-container \" ><div class=\"cta-text\">\n                        <h3 >Erfahren Sie mehr \u00fcber MSIT-CMM!<\/h3><p >Kontaktieren Sie uns f\u00fcr eine Demo, um mehr \u00fcber MSIT-CMM zu erfahren.<\/p><\/div>\n                    <\/div>\n                    <div class=\"cta-btncontainer\"><a href=\"https:\/\/www.msit.at\/de\/bestellung-einer-demo\/\"  title=\"Bestellung einer Demo\" class=\"tt_button tt_secondary_button button-action-link btn_primary_color \" >Bestellung einer Demo<\/a><\/div>\n                <\/div>\n            <\/div>[vc_empty_space height=&#8221;24px&#8221;][\/vc_column_inner][\/vc_row_inner][\/vc_column][\/vc_row][vc_row full_width=&#8221;stretch_row&#8221; css=&#8221;.vc_custom_1695551190587{background-color: #f3f3f3 !important;}&#8221;][vc_column css=&#8221;.vc_custom_1695023859253{padding-right: 0px !important;padding-left: 0px !important;}&#8221;][vc_row_inner][vc_column_inner][vc_empty_space height=&#8221;80px&#8221;]<header class=\"kd-section-title col-lg-8 vc_col-sm-8 text-left solid-line sep-border-width-1    \" ><h2 class=\"separator_on\" >Andere Produkte<\/h2><div class=\"kd-separator below_title\" ><div class=\"kd-separator-line\" style=\"border-color:#00477f\"><\/div><\/div><\/header>[\/vc_column_inner][\/vc_row_inner][vc_empty_space height=&#8221;40px&#8221; el_class=&#8221;desktop-only&#8221;][vc_row_inner el_class=&#8221;solutions-cards-row&#8221; css=&#8221;.vc_custom_1695025455421{padding-right: 0px !important;padding-left: 0px !important;}&#8221;][vc_column_inner el_class=&#8221;solutions-card active&#8221; width=&#8221;1\/3&#8243; css=&#8221;.vc_custom_1695540217289{padding-right: 0px !important;padding-left: 0px !important;}&#8221;][vc_column_text]<\/p>\n<h6>MSIT-CARE<\/h6>\n<h4>Kassenf\u00fchrung<\/h4>\n<p>Entwicklung von Cash-Reporting-Anwendungen zur schnelleren Bereitstellung von Konto- und Transaktionsinformationen in Echtzeit, um die Optimierung von Bilanzen, Risiko- und Investitionsmanagement zu unterst\u00fctzen.[\/vc_column_text]<a style=\"width: 100%;\" href=\"\"   class=\"tt_button tt_secondary_button btn_primary_color  button-center button-action-link\" ><span class=\"prim_text\">Mehr erfahren<\/span><\/a>[\/vc_column_inner][vc_column_inner el_class=&#8221;solutions-card active&#8221; width=&#8221;1\/3&#8243; css=&#8221;.vc_custom_1695540194287{padding-top: 0px !important;padding-right: 0px !important;padding-bottom: 0px !important;padding-left: 0px !important;}&#8221;][vc_column_text]<\/p>\n<h6>MSIT-EXIN<\/h6>\n<h4>Verwaltung von Ausnahmen und Ermittlungen<\/h4>\n<p>Die Business-Applikation Exceptions and Investigation wurde f\u00fcr den gesamten Lebenszyklus der Untersuchungsprozesse aller SEPA- und Non-SEPA-Zahlungsuntersuchungen entwickelt, um die Hindernisse f\u00fcr STP zu beseitigen und eine vollst\u00e4ndig standardisierte und automatisierte Kommunikation zu bieten.[\/vc_column_text]<a style=\"width: 100%;\" href=\"\"   class=\"tt_button tt_secondary_button btn_primary_color  button-center button-action-link\" ><span class=\"prim_text\">Mehr erfahren<\/span><\/a>[\/vc_column_inner][vc_column_inner el_class=&#8221;solutions-card active&#8221; width=&#8221;1\/3&#8243; css=&#8221;.vc_custom_1695540214687{padding-right: 0px !important;padding-left: 0px !important;}&#8221;][vc_column_text]<\/p>\n<h6>MSIT-Archivierung<\/h6>\n<h4>Archivierung<\/h4>\n<p>Entwicklung eines flexiblen, vielseitigen und sehr leistungsf\u00e4higen Softwareinstruments, das f\u00fcr jede Art von Unternehmen oder Organisation geeignet ist, die Nachrichten verarbeiten und ein zuverl\u00e4ssiges Werkzeug zur Archivierung, Suche und Untersuchung von Nachrichteninformationen ben\u00f6tigen.[\/vc_column_text]<a style=\"width: 100%;\" href=\"\"   class=\"tt_button tt_secondary_button btn_primary_color  button-center button-action-link\" ><span class=\"prim_text\">Mehr erfahren<\/span><\/a>[\/vc_column_inner][\/vc_row_inner][vc_empty_space el_class=&#8221;hide-mobile&#8221;][vc_row_inner el_class=&#8221;solutions-cards-row&#8221; css=&#8221;.vc_custom_1695025455421{padding-right: 0px !important;padding-left: 0px !important;}&#8221;][vc_column_inner el_class=&#8221;solutions-card active&#8221; width=&#8221;1\/3&#8243; css=&#8221;.vc_custom_1695540220274{padding-top: 0px !important;padding-right: 0px !important;padding-bottom: 0px !important;padding-left: 0px !important;}&#8221;][vc_column_text]<\/p>\n<h6>MSIT-AML<\/h6>\n<h4>Anti-Geldw\u00e4sche<\/h4>\n<p>Eine L\u00f6sung, die die Transaktionen der Bankkunden t\u00e4glich wirksam \u00fcberwacht und der Bankleitung anhand der historischen Kundeninformationen und des Kontoprofils ein &#8220;Gesamtbild&#8221; liefert.[\/vc_column_text]<a style=\"width: 100%;\" href=\"\"   class=\"tt_button tt_secondary_button btn_primary_color  button-center button-action-link\" ><span class=\"prim_text\">Mehr erfahren<\/span><\/a>[\/vc_column_inner][vc_column_inner el_class=&#8221;solutions-card active&#8221; width=&#8221;1\/3&#8243; css=&#8221;.vc_custom_1695540225512{padding-right: 0px !important;padding-left: 0px !important;}&#8221;][vc_column_text]<\/p>\n<h6>MSIT-COREN<\/h6>\n<h4>Datenabgleich<\/h4>\n<p>MSIT-COREN (COnfigurable Reconciliation ENgine) ist die innovative L\u00f6sung zur Automatisierung der \u00dcberwachung von Datenbeziehungen, da sie eine hochflexible Reconciliation Processing Engine bietet, die eine einfache Anpassung an spezielle Szenarien und spezifische Anforderungen erm\u00f6glicht.[\/vc_column_text]<a style=\"width: 100%;\" href=\"\"   class=\"tt_button tt_secondary_button btn_primary_color  button-center button-action-link\" ><span class=\"prim_text\">Mehr erfahren<\/span><\/a>[\/vc_column_inner][vc_column_inner el_class=&#8221;solutions-card active&#8221; width=&#8221;1\/3&#8243; css=&#8221;.vc_custom_1695540228214{padding-right: 0px !important;padding-left: 0px !important;}&#8221;][vc_column_text]<\/p>\n<h4>XML-Nachrichten- und Schnittstellenmanagement<\/h4>\n<p>Nahtlose und einfache Integration von E&amp;I-Funktionen in Anwendungen von Drittanbietern. Diese l\u00f6sungsbasierte Gesch\u00e4ftsanwendung bietet ein leistungsf\u00e4higes Kanalmanagement f\u00fcr die gemeinsame Anbindung an SWIFT \u00fcber SAA\/SAG\/WBIFN oder andere.[\/vc_column_text]<a style=\"width: 100%;\" href=\"https:\/\/www.msit.at\/de\/kontakt\/\"  target=\"_self\"  title=\"\" class=\"tt_button tt_secondary_button btn_primary_color  button-center button-action-link\" ><span class=\"prim_text\">Kontakt<\/span><\/a>[\/vc_column_inner][\/vc_row_inner][vc_empty_space height=&#8221;80px&#8221;][\/vc_column][\/vc_row][vc_row full_width=&#8221;stretch_row&#8221; css=&#8221;.vc_custom_1695548381326{margin-right: 15px !important;margin-left: 15px !important;background-image: url(https:\/\/www.msit.at\/wp-content\/uploads\/2023\/09\/background-gradient.jpg?id=7796) !important;background-position: center !important;background-repeat: no-repeat !important;background-size: cover !important;}&#8221;][vc_column css=&#8221;.vc_custom_1694862531504{padding-top: 80px !important;padding-bottom: 80px !important;}&#8221;][vc_empty_space height=&#8221;80px&#8221; el_class=&#8221;mobile-only&#8221;][vc_row_inner][vc_column_inner width=&#8221;1\/4&#8243; offset=&#8221;vc_hidden-xs&#8221;][\/vc_column_inner][vc_column_inner width=&#8221;1\/2&#8243;]<header class=\"kd-section-title col-lg-12 text-center  kd-animated fadeIn  \" data-animation-delay=200><h3 class=\"separator_off\" >Sind Sie bereit, loszulegen?<\/h3><h6 class=\"subtitle \" style=\"color: #606060;\">Vereinbaren Sie einen Termin mit uns, um mehr \u00fcber unsere Produkte zu erfahren oder sie vorzuf\u00fchren.<\/h6><\/header>[vc_empty_space height=&#8221;16px&#8221;][\/vc_column_inner][vc_column_inner width=&#8221;1\/4&#8243; offset=&#8221;vc_hidden-xs&#8221;][\/vc_column_inner][\/vc_row_inner][vc_empty_space height=&#8221;24px&#8221; el_class=&#8221;mobile-only&#8221;][vc_row_inner][vc_column_inner el_class=&#8221;pr-tablet&#8221; width=&#8221;1\/2&#8243; css=&#8221;.vc_custom_1694871660026{padding-right: 0px !important;padding-left: 0px !important;}&#8221;]<a  class=\"tt_button tt_primary_button btn_primary_color  pull-right panel-trigger-btn  kd-animated zoomIn mobile-full-width\" data-animation-delay=200><span class=\"prim_text\">Buchen Sie ein Meeting<\/span><\/a>[vc_empty_space height=&#8221;16px&#8221; el_class=&#8221;mobile-only&#8221;][\/vc_column_inner][vc_column_inner width=&#8221;1\/2&#8243; css=&#8221;.vc_custom_1694871663735{padding-right: 0px !important;padding-left: 0px !important;}&#8221;]<a  href=\"https:\/\/www.msit.at\/de\/bestellung-einer-demo\/\"  target=\"_self\"  title=\"\" class=\"tt_button tt_secondary_button btn_primary_color hover_solid_primary pull-left button-action-link  kd-animated zoomIn mobile-full-width\" data-animation-delay=200><span class=\"prim_text\">Bestellung einer Demo<\/span><\/a>[\/vc_column_inner][\/vc_row_inner][vc_empty_space height=&#8221;80px&#8221; el_class=&#8221;mobile-only&#8221;][\/vc_column][\/vc_row]<\/p>\n<\/section>","protected":false},"excerpt":{"rendered":"<p>[vc_row css=&#8221;.vc_custom_1695549730691{padding-top: 200px !important;}&#8221;][vc_column css=&#8221;.vc_custom_1695016336119{padding-right: 0px !important;padding-left: 0px !important;}&#8221;][vc_row_inner equal_height=&#8221;yes&#8221; content_placement=&#8221;middle&#8221;][vc_column_inner width=&#8221;1\/2&#8243;][vc_column_text] MSIT-CMM [\/vc_column_text][vc_empty_space height=&#8221;12px&#8221;][vc_empty_space height=&#8221;16px&#8221;][vc_empty_space height=&#8221;16px&#8221; el_class=&#8221;mobile-only&#8221;][vc_empty_space height=&#8221;40px&#8221;][vc_empty_space height=&#8221;40px&#8221; el_class=&#8221;mobile-only&#8221;][\/vc_column_inner][vc_column_inner width=&#8221;1\/2&#8243; css=&#8221;.vc_custom_1695018155571{margin-top: -64px !important;margin-right: -73px !important;margin-left: 80px !important;background-position: center !important;background-repeat: no-repeat [&hellip;]<\/p>\n","protected":false},"author":2,"featured_media":0,"parent":9345,"menu_order":0,"comment_status":"closed","ping_status":"closed","template":"","meta":{"footnotes":""},"class_list":["post-9343","page","type-page","status-publish","hentry"],"_links":{"self":[{"href":"https:\/\/www.msit.at\/de\/wp-json\/wp\/v2\/pages\/9343","targetHints":{"allow":["GET"]}}],"collection":[{"href":"https:\/\/www.msit.at\/de\/wp-json\/wp\/v2\/pages"}],"about":[{"href":"https:\/\/www.msit.at\/de\/wp-json\/wp\/v2\/types\/page"}],"author":[{"embeddable":true,"href":"https:\/\/www.msit.at\/de\/wp-json\/wp\/v2\/users\/2"}],"replies":[{"embeddable":true,"href":"https:\/\/www.msit.at\/de\/wp-json\/wp\/v2\/comments?post=9343"}],"version-history":[{"count":10,"href":"https:\/\/www.msit.at\/de\/wp-json\/wp\/v2\/pages\/9343\/revisions"}],"predecessor-version":[{"id":9606,"href":"https:\/\/www.msit.at\/de\/wp-json\/wp\/v2\/pages\/9343\/revisions\/9606"}],"up":[{"embeddable":true,"href":"https:\/\/www.msit.at\/de\/wp-json\/wp\/v2\/pages\/9345"}],"wp:attachment":[{"href":"https:\/\/www.msit.at\/de\/wp-json\/wp\/v2\/media?parent=9343"}],"curies":[{"name":"wp","href":"https:\/\/api.w.org\/{rel}","templated":true}]}}