{"id":9345,"date":"2023-09-09T09:36:55","date_gmt":"2023-09-09T09:36:55","guid":{"rendered":"https:\/\/www.msit.at\/produkte\/"},"modified":"2024-03-06T11:57:50","modified_gmt":"2024-03-06T11:57:50","slug":"produkte","status":"publish","type":"page","link":"https:\/\/www.msit.at\/de\/produkte\/","title":{"rendered":"Produkte"},"content":{"rendered":"<section class=\"wpb-content-wrapper\"><p>[vc_row full_width=&#8221;stretch_row&#8221; css=&#8221;.vc_custom_1695061462633{padding-top: 200px !important;padding-bottom: 60px !important;background-image: url(https:\/\/www.msit.at\/wp-content\/uploads\/2023\/09\/products-overview-background.jpg?id=8731) !important;background-position: center !important;background-repeat: no-repeat !important;background-size: cover !important;}&#8221;][vc_column css=&#8221;.vc_custom_1695059610627{padding-right: 0px !important;padding-left: 0px !important;}&#8221;][vc_row_inner][vc_column_inner]<header class=\"kd-section-title col-lg-12 text-left     vc_custom_1695060085243\" ><h1 class=\"separator_off\" style=\"color: #ffffff;\">Produkte im \u00dcberblick<\/h1><\/header>[\/vc_column_inner][\/vc_row_inner][\/vc_column][\/vc_row][vc_row full_width=&#8221;stretch_row&#8221;][vc_column css=&#8221;.vc_custom_1695060053608{padding-right: 0px !important;padding-left: 0px !important;}&#8221;][vc_empty_space height=&#8221;80px&#8221;][vc_row_inner][vc_column_inner width=&#8221;1\/3&#8243;]<header class=\"kd-section-title col-lg-12 text-left solid-line sep-border-width-1    \" ><h3 class=\"separator_on\" >Erreichen eines H\u00f6chstma\u00dfes an Kundenzufriedenheit<\/h3><div class=\"kd-separator below_title\" ><div class=\"kd-separator-line\" style=\"border-color:#00477f\"><\/div><\/div><\/header>[\/vc_column_inner][vc_column_inner width=&#8221;1\/3&#8243;][vc_column_text]Management Solutions Information Technology bietet modernste Technologie- und Softwarel\u00f6sungen f\u00fcr den Bankensektor, insbesondere f\u00fcr Reklamationsbearbeitung, auch f\u00fcr grenz\u00fcberschreitende und SEPA-Zahlungen.[\/vc_column_text][\/vc_column_inner][vc_column_inner width=&#8221;1\/3&#8243;][vc_column_text]MSIT bietet modulare webbasierte Anwendungen, die auf dem Java EE-basierten MSIT Application Framework implementiert sind (siehe Abbildung rechts).<\/p>\n<p>Diese Rahmenarchitektur erleichtert die Wiederverwendbarkeit gemeinsamer Funktionen f\u00fcr verschiedene Anwendungen.[\/vc_column_text][\/vc_column_inner][\/vc_row_inner][vc_empty_space height=&#8221;40px&#8221;][vc_row_inner equal_height=&#8221;yes&#8221; content_placement=&#8221;middle&#8221;][vc_column_inner width=&#8221;1\/6&#8243; offset=&#8221;vc_col-lg-2 vc_col-md-4 vc_col-xs-6&#8243;][vc_single_image image=&#8221;8244&#8243; img_size=&#8221;full&#8221; alignment=&#8221;center&#8221; css=&#8221;.vc_custom_1695062675364{padding-top: 24px !important;padding-right: 24px !important;padding-bottom: 24px !important;padding-left: 24px !important;}&#8221; el_class=&#8221;mw-200 grayscale&#8221;][\/vc_column_inner][vc_column_inner width=&#8221;1\/6&#8243; offset=&#8221;vc_col-lg-2 vc_col-md-4 vc_col-xs-6&#8243;][vc_single_image image=&#8221;8255&#8243; img_size=&#8221;full&#8221; alignment=&#8221;center&#8221; css=&#8221;.vc_custom_1695062679309{padding-top: 24px !important;padding-right: 24px !important;padding-bottom: 24px !important;padding-left: 24px !important;}&#8221; el_class=&#8221;mw-200 grayscale&#8221;][\/vc_column_inner][vc_column_inner width=&#8221;1\/6&#8243; offset=&#8221;vc_col-lg-2 vc_col-md-4 vc_col-xs-6&#8243;][vc_single_image image=&#8221;8256&#8243; img_size=&#8221;full&#8221; alignment=&#8221;center&#8221; css=&#8221;.vc_custom_1695062683614{padding-top: 24px !important;padding-right: 24px !important;padding-bottom: 24px !important;padding-left: 24px !important;}&#8221; el_class=&#8221;mw-200 grayscale&#8221;][\/vc_column_inner][vc_column_inner width=&#8221;1\/6&#8243; offset=&#8221;vc_col-lg-2 vc_col-md-4 vc_col-xs-6&#8243;][vc_single_image image=&#8221;8258&#8243; img_size=&#8221;full&#8221; alignment=&#8221;center&#8221; css=&#8221;.vc_custom_1695062688845{padding-top: 24px !important;padding-right: 24px !important;padding-bottom: 24px !important;padding-left: 24px !important;}&#8221; el_class=&#8221;mw-200 grayscale&#8221;][\/vc_column_inner][vc_column_inner width=&#8221;1\/6&#8243; offset=&#8221;vc_col-lg-2 vc_col-md-4 vc_col-xs-6&#8243;][vc_single_image image=&#8221;8259&#8243; img_size=&#8221;full&#8221; alignment=&#8221;center&#8221; css=&#8221;.vc_custom_1695062692902{padding-top: 24px !important;padding-right: 24px !important;padding-bottom: 24px !important;padding-left: 24px !important;}&#8221; el_class=&#8221;mw-200 grayscale&#8221;][\/vc_column_inner][vc_column_inner width=&#8221;1\/6&#8243; offset=&#8221;vc_col-lg-2 vc_col-md-4 vc_col-xs-6&#8243;][vc_single_image image=&#8221;8260&#8243; img_size=&#8221;full&#8221; alignment=&#8221;center&#8221; css=&#8221;.vc_custom_1695062697128{padding-top: 24px !important;padding-right: 24px !important;padding-bottom: 24px !important;padding-left: 24px !important;}&#8221; el_class=&#8221;mw-200 grayscale&#8221;][\/vc_column_inner][\/vc_row_inner][vc_empty_space height=&#8221;56px&#8221;][\/vc_column][\/vc_row][vc_row full_width=&#8221;stretch_row_content&#8221; css=&#8221;.vc_custom_1695708584861{background-color: #ffffff !important;}&#8221;][vc_column css=&#8221;.vc_custom_1695060053608{padding-right: 0px !important;padding-left: 0px !important;}&#8221;]<div class=\"kd-divider solid_line divider_full_width thin_solid\">\n                <div class=\"divider-line\" style=\"border-color:\"><\/div>\n            <\/div>[\/vc_column][\/vc_row][vc_row full_width=&#8221;stretch_row&#8221; css=&#8221;.vc_custom_1695708550730{background-color: #ffffff !important;}&#8221;][vc_column css=&#8221;.vc_custom_1695060053608{padding-right: 0px !important;padding-left: 0px !important;}&#8221;][vc_empty_space height=&#8221;80px&#8221;][vc_row_inner equal_height=&#8221;yes&#8221;][vc_column_inner width=&#8221;1\/2&#8243;]<header class=\"kd-section-title col-lg-12 text-left solid-line sep-border-width-1    \" ><h2 class=\"separator_on\" >Schichten von MSIT<br \/>\nFramework Architektur<\/h2><div class=\"kd-separator below_title\" ><div class=\"kd-separator-line\" style=\"border-color:#00477f\"><\/div><\/div><\/header>[vc_empty_space height=&#8221;40px&#8221;][vc_single_image image=&#8221;8719&#8243; img_size=&#8221;full&#8221;][\/vc_column_inner][vc_column_inner width=&#8221;1\/2&#8243;][vc_column_text el_class=&#8221;border-card&#8221;]<\/p>\n<h4 style=\"font-weight: 400;\">Kernschicht<\/h4>\n<p style=\"font-weight: 400;\">Diese Schicht umfasst Kernfunktionen wie Multi-Entity, Multi-Language, flexibles hierarchisches Konfigurationskonzept usw.<\/p>\n<p style=\"font-weight: 400;\">Diese Kernfunktionen k\u00f6nnen in allen Anwendungen wiederverwendet werden, die auf dem MSIT Application Framework aufgebaut sind.<\/p>\n<p>[\/vc_column_text][vc_empty_space height=&#8221;24px&#8221;][vc_column_text el_class=&#8221;border-card&#8221;]<\/p>\n<h4 style=\"font-weight: 400;\">Komponente Schicht<\/h4>\n<p style=\"font-weight: 400;\">Diese Schicht deckt alle allgemeinen Case- und Message-Management-Funktionen ab (unabh\u00e4ngig von der Anwendung und dem Gesch\u00e4ftsfeld). Sie nutzt die Kernfunktionalit\u00e4t, die von der Kernschicht bereitgestellt wird.<\/p>\n<p>[\/vc_column_text][vc_empty_space height=&#8221;24px&#8221;][vc_column_text el_class=&#8221;border-card&#8221;]<\/p>\n<h4 style=\"font-weight: 400;\">Application Layer<\/h4>\n<p>Diese Schicht basiert auf der Komponentenschicht und implementiert anwendungsspezifische Funktionen f\u00fcr AML, Reconciliation, Archivierung sowie Ausnahmen und Untersuchungen. So sind z. B. Funktionen f\u00fcr das Untersuchungsmanagement in der Anwendung MSIT-EXIN, Funktionen zur Bek\u00e4mpfung von Geldw\u00e4sche im Produkt AML, Abstimmungsfunktionen in der Anwendung COREN, Funktionen f\u00fcr Aktiva und Passiva in der AML-L\u00f6sung usw. implementiert.[\/vc_column_text][\/vc_column_inner][\/vc_row_inner][vc_empty_space height=&#8221;64px&#8221;][vc_row_inner][vc_column_inner width=&#8221;1\/2&#8243;]<header class=\"kd-section-title col-lg-12 text-left solid-line sep-border-width-1   fw-400 \" ><h4 class=\"separator_on\" >Mit den L\u00f6sungen von MSIT k\u00f6nnen Kunden die Hindernisse f\u00fcr STP beseitigen und so effizientere, kosteng\u00fcnstigere und kundenorientiertere Abl\u00e4ufe schaffen.<\/h4><div class=\"kd-separator below_title\" ><div class=\"kd-separator-line\" style=\"border-color:#00477f\"><\/div><\/div><\/header>[\/vc_column_inner][vc_column_inner width=&#8221;1\/2&#8243;][vc_column_text]Die Unternehmensplattform von MSIT bietet wertorientierte und kundenorientierte L\u00f6sungen mit Kommunikationskan\u00e4len zum SWIFT-Netzwerk, E-Mail und webbasierten Self-Services.<\/p>\n<p>Basierend auf unserer hochmodernen Java EE-Architektur sind unsere L\u00f6sungen f\u00fcr Reklamationsbearbeitung, Geldw\u00e4schebek\u00e4mpfung und Datenabgleich plattformunabh\u00e4ngig und erm\u00f6glichen eine Multi-Entity-Architektur.[\/vc_column_text][\/vc_column_inner][\/vc_row_inner][vc_empty_space height=&#8221;80px&#8221;][\/vc_column][\/vc_row][vc_row full_width=&#8221;stretch_row&#8221; css=&#8221;.vc_custom_1695642786768{background-color: #f3f3f3 !important;}&#8221;][vc_column css=&#8221;.vc_custom_1695023859253{padding-right: 0px !important;padding-left: 0px !important;}&#8221;][vc_row_inner][vc_column_inner][vc_empty_space height=&#8221;80px&#8221;]<header class=\"kd-section-title col-lg-8 vc_col-sm-8 text-left solid-line sep-border-width-1    \" ><h2 class=\"separator_on\" >Verschiedene Implementierungsoptionen<\/h2><div class=\"kd-separator below_title\" ><div class=\"kd-separator-line\" style=\"border-color:#00477f\"><\/div><\/div><\/header>[vc_empty_space height=&#8221;16px&#8221;][\/vc_column_inner][\/vc_row_inner][vc_row_inner css=&#8221;.vc_custom_1695026735462{padding-right: 0px !important;padding-left: 0px !important;}&#8221;][vc_column_inner width=&#8221;2\/3&#8243;][vc_column_text]<\/p>\n<h6>MSIT bietet verschiedene Implementierungsoptionen an, die es jedem Kunden erm\u00f6glichen, die Anwendungen je nach Budget und Gesch\u00e4ftsvolumen sowie Automatisierungs- und Integrationsgrad schrittweise zu erweitern.<\/h6>\n<h6>Die urspr\u00fcngliche Investition wird in vollem Umfang wiederverwendet, w\u00e4hrend sie von dem n\u00e4chsten Umsetzungspaket profitiert.<\/h6>\n<p>[\/vc_column_text][\/vc_column_inner][vc_column_inner width=&#8221;1\/3&#8243;][\/vc_column_inner][\/vc_row_inner][vc_empty_space height=&#8221;64px&#8221;][vc_row_inner el_class=&#8221;solutions-cards-row&#8221; css=&#8221;.vc_custom_1695025455421{padding-right: 0px !important;padding-left: 0px !important;}&#8221;][vc_column_inner el_class=&#8221;solutions-card products-card&#8221; width=&#8221;1\/3&#8243; css=&#8221;.vc_custom_1695540386512{padding-top: 0px !important;padding-right: 0px !important;padding-bottom: 0px !important;padding-left: 0px !important;}&#8221;][vc_column_text el_class=&#8221;li-fix&#8221;]<\/p>\n<h6>MSIT STARTER<\/h6>\n<h3>Starter Pakete<\/h3>\n<ul>\n<li>Geringes Risiko durch Beginn mit dem Starterpaket<\/li>\n<li>Erm\u00f6glicht Implementierung innerhalb k\u00fcrzester Zeit (Plug &amp; Go)<\/li>\n<li>K\u00fcrzeste Zeit bis zur Markteinf\u00fchrung<\/li>\n<li>Senkung der Gesamtkosten und schneller Start m\u00f6glich<\/li>\n<li>Hervorragende Basis f\u00fcr weitere Automatisierung<\/li>\n<\/ul>\n<p>[\/vc_column_text][vc_empty_space height=&#8221;16px&#8221;][\/vc_column_inner][vc_column_inner el_class=&#8221;solutions-card products-card&#8221; width=&#8221;1\/3&#8243; css=&#8221;.vc_custom_1695540389046{padding-right: 0px !important;padding-left: 0px !important;}&#8221;][vc_column_text el_class=&#8221;li-fix&#8221;]<\/p>\n<h6>MSIT EXTENDED<\/h6>\n<h3>Erweiterte Pakete<\/h3>\n<ul style=\"font-weight: 400;\">\n<li>Weitere Automatisierung der Integration<\/li>\n<li>Erh\u00f6hte STP-Rate<\/li>\n<li>Mehr Flexibilit\u00e4t und Anpassungsf\u00e4higkeit<\/li>\n<li>Die urspr\u00fcngliche Investition des Starterpakets kann vollst\u00e4ndig wiederverwendet werden<\/li>\n<\/ul>\n<p>[\/vc_column_text][vc_empty_space height=&#8221;16px&#8221;][\/vc_column_inner][vc_column_inner el_class=&#8221;solutions-card products-card&#8221; width=&#8221;1\/3&#8243; css=&#8221;.vc_custom_1695540396735{padding-right: 0px !important;padding-left: 0px !important;}&#8221;][vc_column_text el_class=&#8221;li-fix&#8221;]<\/p>\n<h6>MSIT FULL<\/h6>\n<h3>Vollst\u00e4ndig integrierte L\u00f6sungen<\/h3>\n<ul>\n<li>Vollst\u00e4ndig integriertes Paket f\u00fcr maximale STP-Rate<\/li>\n<li>H\u00f6chstes Niveau des Kundendienstes<\/li>\n<li>Kundenindividuelle Implementierungsm\u00f6glichkeit zur konzernweiten Optimierung<\/li>\n<li>Plattform f\u00fcr das gesamte Service-Backbone f\u00fcr alle Back-Office-Funktionen<\/li>\n<li>Verringerung der operationellen Risiken<\/li>\n<li>Senkung der Gesamtkosten &#8211; insbesondere bei Einsatz in einer konzernweiten L\u00f6sung<\/li>\n<\/ul>\n<p>[\/vc_column_text][vc_empty_space height=&#8221;16px&#8221;][\/vc_column_inner][\/vc_row_inner][vc_empty_space height=&#8221;100px&#8221; el_class=&#8221;hide-mobile&#8221;][\/vc_column][\/vc_row][vc_row full_width=&#8221;stretch_row&#8221; css=&#8221;.vc_custom_1694878397732{margin-right: 15px !important;margin-left: 15px !important;background-image: url(https:\/\/www.msit.at\/wp-content\/uploads\/2023\/09\/background-gradient.jpg?id=7796) !important;background-position: center !important;background-repeat: no-repeat !important;background-size: cover !important;}&#8221;][vc_column css=&#8221;.vc_custom_1694862531504{padding-top: 80px !important;padding-bottom: 80px !important;}&#8221;][vc_empty_space height=&#8221;80px&#8221; el_class=&#8221;mobile-only&#8221;][vc_row_inner][vc_column_inner width=&#8221;1\/4&#8243; offset=&#8221;vc_hidden-xs&#8221;][\/vc_column_inner][vc_column_inner width=&#8221;1\/2&#8243;]<header class=\"kd-section-title col-lg-12 text-center  kd-animated fadeIn  \" data-animation-delay=200><h3 class=\"separator_off\" >Sind Sie bereit, loszulegen?<\/h3><h6 class=\"subtitle \" style=\"color: #606060;\">Kontaktieren Sie uns oder fordern Sie eine Demo an, um unsere Dienste in Aktion zu sehen<\/h6><\/header>[vc_empty_space height=&#8221;16px&#8221;][\/vc_column_inner][vc_column_inner width=&#8221;1\/4&#8243; offset=&#8221;vc_hidden-xs&#8221;][\/vc_column_inner][\/vc_row_inner][vc_empty_space height=&#8221;24px&#8221; el_class=&#8221;mobile-only&#8221;][vc_row_inner][vc_column_inner el_class=&#8221;pr-tablet&#8221; width=&#8221;1\/2&#8243; css=&#8221;.vc_custom_1694871660026{padding-right: 0px !important;padding-left: 0px !important;}&#8221;]<a  href=\"https:\/\/www.msit.at\/de\/kontakt\/\"  target=\"_self\"  title=\"\" class=\"tt_button tt_primary_button btn_primary_color  pull-right button-action-link  kd-animated zoomIn mobile-full-width\" data-animation-delay=200><span class=\"prim_text\">Kontakt<\/span><\/a>[vc_empty_space height=&#8221;16px&#8221; el_class=&#8221;mobile-only&#8221;][\/vc_column_inner][vc_column_inner width=&#8221;1\/2&#8243; css=&#8221;.vc_custom_1694871663735{padding-right: 0px !important;padding-left: 0px !important;}&#8221;]<a  href=\"https:\/\/www.msit.at\/de\/bestellung-einer-demo\/\"  target=\"_self\"  title=\"\" class=\"tt_button tt_secondary_button btn_primary_color hover_solid_primary pull-left button-action-link  kd-animated zoomIn mobile-full-width\" data-animation-delay=200><span class=\"prim_text\">Bestellung einer Demo<\/span><\/a>[\/vc_column_inner][\/vc_row_inner][vc_empty_space height=&#8221;80px&#8221; el_class=&#8221;mobile-only&#8221;][\/vc_column][\/vc_row]<\/p>\n<\/section>","protected":false},"excerpt":{"rendered":"<p>[vc_row full_width=&#8221;stretch_row&#8221; css=&#8221;.vc_custom_1695061462633{padding-top: 200px !important;padding-bottom: 60px !important;background-image: url(https:\/\/www.msit.at\/wp-content\/uploads\/2023\/09\/products-overview-background.jpg?id=8731) !important;background-position: center !important;background-repeat: no-repeat !important;background-size: cover !important;}&#8221;][vc_column css=&#8221;.vc_custom_1695059610627{padding-right: 0px !important;padding-left: 0px !important;}&#8221;][vc_row_inner][vc_column_inner][\/vc_column_inner][\/vc_row_inner][\/vc_column][\/vc_row][vc_row full_width=&#8221;stretch_row&#8221;][vc_column css=&#8221;.vc_custom_1695060053608{padding-right: 0px !important;padding-left: 0px !important;}&#8221;][vc_empty_space height=&#8221;80px&#8221;][vc_row_inner][vc_column_inner width=&#8221;1\/3&#8243;][\/vc_column_inner][vc_column_inner width=&#8221;1\/3&#8243;][vc_column_text]Management Solutions Information Technology [&hellip;]<\/p>\n","protected":false},"author":2,"featured_media":0,"parent":0,"menu_order":0,"comment_status":"closed","ping_status":"closed","template":"","meta":{"footnotes":""},"class_list":["post-9345","page","type-page","status-publish","hentry"],"_links":{"self":[{"href":"https:\/\/www.msit.at\/de\/wp-json\/wp\/v2\/pages\/9345","targetHints":{"allow":["GET"]}}],"collection":[{"href":"https:\/\/www.msit.at\/de\/wp-json\/wp\/v2\/pages"}],"about":[{"href":"https:\/\/www.msit.at\/de\/wp-json\/wp\/v2\/types\/page"}],"author":[{"embeddable":true,"href":"https:\/\/www.msit.at\/de\/wp-json\/wp\/v2\/users\/2"}],"replies":[{"embeddable":true,"href":"https:\/\/www.msit.at\/de\/wp-json\/wp\/v2\/comments?post=9345"}],"version-history":[{"count":5,"href":"https:\/\/www.msit.at\/de\/wp-json\/wp\/v2\/pages\/9345\/revisions"}],"predecessor-version":[{"id":9546,"href":"https:\/\/www.msit.at\/de\/wp-json\/wp\/v2\/pages\/9345\/revisions\/9546"}],"wp:attachment":[{"href":"https:\/\/www.msit.at\/de\/wp-json\/wp\/v2\/media?parent=9345"}],"curies":[{"name":"wp","href":"https:\/\/api.w.org\/{rel}","templated":true}]}}