{"id":9357,"date":"2023-09-24T06:44:20","date_gmt":"2023-09-24T06:44:20","guid":{"rendered":"https:\/\/www.msit.at\/produkte\/exin-ausnahmen-und-nachforschungen\/"},"modified":"2024-03-11T19:58:55","modified_gmt":"2024-03-11T19:58:55","slug":"exin-reklamationsbearbeitung","status":"publish","type":"page","link":"https:\/\/www.msit.at\/de\/produkte\/exin-reklamationsbearbeitung\/","title":{"rendered":"EXIN &#8211; Reklamationsbearbeitung"},"content":{"rendered":"<section class=\"wpb-content-wrapper\"><p>[vc_row css=&#8221;.vc_custom_1695551123482{padding-top: 200px !important;}&#8221;][vc_column css=&#8221;.vc_custom_1695016336119{padding-right: 0px !important;padding-left: 0px !important;}&#8221;][vc_row_inner equal_height=&#8221;yes&#8221; content_placement=&#8221;middle&#8221;][vc_column_inner width=&#8221;1\/2&#8243;][vc_column_text]<\/p>\n<h4 class=\"text-primary\">MSIT-EXIN<\/h4>\n<p>[\/vc_column_text][vc_empty_space height=&#8221;12px&#8221;]<header class=\"kd-section-title col-lg-12 text-left    \" ><h1 class=\"separator_off\" >F\u00fcr Ihre automatisierte Reklamationsbearbeitung<\/h1><h6 class=\"subtitle \" >Schlie\u00dfung der Automatisierungsl\u00fccke durch automatisierte Reklamationsprozesse und individuelle Anpassung<\/h6><\/header>[vc_empty_space height=&#8221;16px&#8221;][vc_empty_space height=&#8221;16px&#8221; el_class=&#8221;mobile-only&#8221;]<a  class=\"tt_button tt_secondary_button btn_primary_color  pull-left panel-trigger-btn   mobile-full-width\" ><span class=\"prim_text\">Buchen Sie ein Meeting<\/span><\/a>[vc_empty_space height=&#8221;40px&#8221;][vc_empty_space height=&#8221;40px&#8221; el_class=&#8221;mobile-only&#8221;][\/vc_column_inner][vc_column_inner width=&#8221;1\/2&#8243; css=&#8221;.vc_custom_1695018155571{margin-top: -64px !important;margin-right: -73px !important;margin-left: 80px !important;background-position: center !important;background-repeat: no-repeat !important;background-size: cover !important;}&#8221;][vc_single_image image=&#8221;8995&#8243; img_size=&#8221;full&#8221;][\/vc_column_inner][\/vc_row_inner][vc_row_inner][vc_column_inner][vc_empty_space height=&#8221;64px&#8221;]<header class=\"kd-section-title col-lg-12 text-left solid-line sep-border-width-1    \" ><h3 class=\"separator_on\" >MSIT-EXIN - Automatisierte Reklamationsprozesse und individuelle Anpassungen<\/h3><div class=\"kd-separator below_title\" ><div class=\"kd-separator-line\" style=\"border-color:#00477f\"><\/div><\/div><\/header>[vc_empty_space height=&#8221;16px&#8221;][\/vc_column_inner][\/vc_row_inner][vc_row_inner][vc_column_inner width=&#8221;1\/2&#8243;][vc_column_text el_class=&#8221;li-fix&#8221;]<\/p>\n<h6>Management Solutions IT hat seit mehr als 15 Jahren betr\u00e4chtliche Erfahrung in der Bereitstellung von Implementierungsdienstleistungen im Bereich der Reklamationsbearbeitung.<\/h6>\n<h6>Auf der Grundlage unseres Know-hows in diesem Bereich pr\u00e4sentieren wir Ihnen unsere L\u00f6sung MSIT-EXIN f\u00fcr Reklamationsbearbeitung einschlie\u00dflich grenz\u00fcberschreitender und SEPA-Zahlungen.<\/h6>\n<p>[\/vc_column_text][vc_empty_space height=&#8221;40px&#8221;][\/vc_column_inner][vc_column_inner width=&#8221;1\/2&#8243;][vc_column_text el_class=&#8221;li-fix&#8221;]MSIT-EXIN wurde entwickelt, um Reklamationsprozesse zu verbessern und zu automatisieren. Als integrierte L\u00f6sung und Standardsystem l\u00e4sst sich MSIT-EXIN hervorragend an die Anforderungen aller Organisationen anpassen.<\/p>\n<p>Es ist die ma\u00dfgeschneiderte L\u00f6sung f\u00fcr den gesamten Lebenszyklus des Akten- und Nachrichtenmanagements bei Reklamationsbearbeitung. Unsere L\u00f6sung MSIT-EXIN ber\u00fccksichtigt die spezifischen und kritischen Gesch\u00e4ftsanforderungen des Bankensektors und erm\u00f6glicht es sowohl Banken als auch Unternehmen, innerhalb kurzer Zeit in Produktion zu gehen.[\/vc_column_text][vc_empty_space height=&#8221;40px&#8221;][\/vc_column_inner][\/vc_row_inner][vc_row_inner css=&#8221;.vc_custom_1695550773191{margin-right: 15px !important;margin-left: 15px !important;padding-right: 24px !important;padding-left: 24px !important;background-color: #f3f3f3 !important;border-radius: 4px !important;}&#8221;][vc_column_inner width=&#8221;3\/4&#8243;][vc_empty_space]<header class=\"kd-section-title col-lg-12 text-left    \" ><h4 class=\"separator_off\" >Qualit\u00e4tsmerkmale<\/h4><h6 class=\"subtitle \" >SWIFT hat MSIT - EXIN das SWIFT Ready Application Exceptions and Investigations Label verliehen<\/h6><\/header>[vc_empty_space height=&#8221;24px&#8221;][vc_single_image image=&#8221;8926&#8243; img_size=&#8221;200&#215;54&#8243; onclick=&#8221;custom_link&#8221; img_link_target=&#8221;_blank&#8221; el_class=&#8221;mr-auto&#8221; link=&#8221;https:\/\/www.swift.com\/solutions\/partner_programme\/swiftready_programme.page&#8221;][vc_empty_space][\/vc_column_inner][vc_column_inner width=&#8221;1\/4&#8243;][vc_empty_space][vc_single_image image=&#8221;8913&#8243; img_size=&#8221;full&#8221; style=&#8221;vc_box_border&#8221; onclick=&#8221;custom_link&#8221; img_link_target=&#8221;_blank&#8221; css=&#8221;.vc_custom_1695628290581{border-radius: 4px !important;}&#8221; link=&#8221;\/wp-content\/uploads\/2023\/09\/SWIFT-Zertifikat.png&#8221;][vc_empty_space][\/vc_column_inner][\/vc_row_inner][vc_empty_space height=&#8221;48px&#8221;][\/vc_column][\/vc_row][vc_row full_width=&#8221;stretch_row_content_no_spaces&#8221;][vc_column]<div class=\"kd-divider solid_line divider_full_width thin_solid\">\n                <div class=\"divider-line\" style=\"border-color:\"><\/div>\n            <\/div>[vc_empty_space height=&#8221;48px&#8221;][\/vc_column][\/vc_row][vc_row][vc_column css=&#8221;.vc_custom_1695539872009{padding-right: 0px !important;padding-left: 0px !important;}&#8221;][vc_row_inner][vc_column_inner]<header class=\"kd-section-title col-lg-12 text-left solid-line sep-border-width-1    \" ><h3 class=\"separator_on\" >Ihre Vorteile von MSIT-EXIN<\/h3><div class=\"kd-separator below_title\" ><div class=\"kd-separator-line\" style=\"border-color:#00477f\"><\/div><\/div><\/header>[vc_empty_space height=&#8221;24px&#8221;][\/vc_column_inner][\/vc_row_inner][vc_row_inner][vc_column_inner el_class=&#8221;pr-tablet&#8221; width=&#8221;1\/3&#8243; css=&#8221;.vc_custom_1695546929486{padding-right: 50px !important;}&#8221;]<div class=\"key-icon-box icon-default icon-top cont-left ib-no-effect   li-fix icon-box-fix\" style=\"background-color: transparent;\" ><i class=\"iconsmind-Money-2 iconsmind-Business-Finance\" style=\" \"><\/i> <h5 class=\"service-heading\" >Drastische Kostenreduzierung<\/h5><p ><\/p>\n<ul>\n<li>Bearbeitungskosten<\/li>\n<li>Kommunikationskosten<\/li>\n<li>An die Korrespondenten gezahlte Erhebungskosten<\/li>\n<\/ul>\n<p><\/p><\/div>[vc_empty_space height=&#8221;16px&#8221;][\/vc_column_inner][vc_column_inner el_class=&#8221;pr-tablet pl-tablet&#8221; width=&#8221;1\/3&#8243; css=&#8221;.vc_custom_1695546935191{padding-right: 50px !important;}&#8221;]<div class=\"key-icon-box icon-default icon-top cont-left ib-no-effect   li-fix icon-box-fix li-fix-with-padding\" style=\"background-color: transparent;\" ><i class=\"iconsmind-Time-Backup iconsmind-Time\" style=\" \"><\/i> <h5 class=\"service-heading\" >Operative Effizienzsteigerungen<\/h5><p ><\/p>\n<ul>\n<li>Einsatz der eingesparten Ressourcen in anderen Gesch\u00e4ftsbereichen<\/li>\n<li>Wiederverwendbarkeit f\u00fcr weitere Gesch\u00e4ftsbereiche (z.B. Treasury, Wertpapiere)<\/li>\n<li>Schnellere Wiederherstellung nach Ausf\u00e4llen<\/li>\n<\/ul>\n<p><\/p><\/div>[vc_empty_space height=&#8221;16px&#8221;][\/vc_column_inner][vc_column_inner el_class=&#8221;pl-tablet&#8221; width=&#8221;1\/3&#8243;]<div class=\"key-icon-box icon-default icon-top cont-left ib-no-effect   li-fix icon-box-fix li-fix-with-padding\" style=\"background-color: transparent;\" ><i class=\"iconsmind-Support iconsmind-User-Interface\" style=\" \"><\/i> <h5 class=\"service-heading\" >Verbesserter Kundenservice<\/h5><p ><\/p>\n<ul>\n<li>Konnektivit\u00e4t von Unternehmen<\/li>\n<li>K\u00fcrzere Durchlaufzeiten<\/li>\n<li>Schnellere und umfassende Informationen<\/li>\n<\/ul>\n<p><\/p><\/div>[vc_empty_space height=&#8221;16px&#8221;][\/vc_column_inner][\/vc_row_inner][\/vc_column][\/vc_row][vc_row full_width=&#8221;stretch_row_content_no_spaces&#8221;][vc_column][vc_empty_space height=&#8221;40px&#8221;]<div class=\"kd-divider solid_line divider_full_width thin_solid\">\n                <div class=\"divider-line\" style=\"border-color:\"><\/div>\n            <\/div>[vc_empty_space height=&#8221;48px&#8221;][\/vc_column][\/vc_row][vc_row][vc_column css=&#8221;.vc_custom_1695539872009{padding-right: 0px !important;padding-left: 0px !important;}&#8221;][vc_row_inner][vc_column_inner]<header class=\"kd-section-title col-lg-12 text-left solid-line sep-border-width-1    \" ><h3 class=\"separator_on\" >Funktionelle Highlights<\/h3><div class=\"kd-separator below_title\" ><div class=\"kd-separator-line\" style=\"border-color:#00477f\"><\/div><\/div><\/header>[vc_empty_space height=&#8221;24px&#8221;][\/vc_column_inner][\/vc_row_inner][vc_row_inner][vc_column_inner el_class=&#8221;pr-tablet&#8221; width=&#8221;1\/2&#8243; css=&#8221;.vc_custom_1695546841396{padding-right: 50px !important;}&#8221;]<div class=\"key-icon-box icon-default icon-top cont-left ib-no-effect\" style=\"background-color: transparent;\" ><i class=\"\" style=\" \"><\/i> <h5 class=\"service-heading\" >Verschiedene Gesch\u00e4ftsbereiche<\/h5><p >MSIT-EXIN bearbeitet mehrere Reklamationsprozesse in den Bereichen Zahlungsverkehr (grenz\u00fcberschreitend, SEPA), Finanzwesen und Wertpapiere.<\/p><\/div>[vc_empty_space height=&#8221;16px&#8221;][\/vc_column_inner][vc_column_inner el_class=&#8221;pl-tablet&#8221; width=&#8221;1\/2&#8243; css=&#8221;.vc_custom_1695547594312{padding-right: 50px !important;}&#8221;]<div class=\"key-icon-box icon-default icon-top cont-left ib-no-effect\" style=\"background-color: transparent;\" ><i class=\"\" style=\" \"><\/i> <h5 class=\"service-heading\" >Automatisierte Reklamationsprozesse<\/h5><p >MSIT-EXIN automatisiert den gesamten Prozess von Reklamationen (z.B. automatische Bearbeitung von Anfragen, Routing und Priorisierung von Akten und Nachrichten, Monitoring, Parsing, Integration von Schnittstellen, Antworten \u00fcber verschiedene Kan\u00e4le sowie automatische und gef\u00fchrte Erledigung von Akten, ...).<\/p><\/div>[vc_empty_space height=&#8221;16px&#8221;][\/vc_column_inner][\/vc_row_inner][vc_row_inner][vc_column_inner el_class=&#8221;pr-tablet&#8221; width=&#8221;1\/2&#8243;]<div class=\"key-icon-box icon-default icon-top cont-left ib-no-effect\" style=\"background-color: transparent;\" ><i class=\"\" style=\" \"><\/i> <h5 class=\"service-heading\" >Automatisches Akten- und Nachrichtenmanagement<\/h5><p >Die Akten werden automatisch erstellt und den jeweiligen Gesch\u00e4ftsbereichen zugewiesen. Relevante Informationen werden automatisch an die AKte angeh\u00e4ngt, was eine genaue und effektive Bearbeitung gew\u00e4hrleistet. Es werden alle Arten von Dokumenten unterst\u00fctzt. Ein \u00fcbersichtlicher Audit-Trail zeigt alle im Rahmen der Ermittlungen durchgef\u00fchrten Aktionen an.<\/p><\/div>[vc_empty_space height=&#8221;16px&#8221;][\/vc_column_inner][vc_column_inner el_class=&#8221;pl-tablet&#8221; width=&#8221;1\/2&#8243;]<div class=\"key-icon-box icon-default icon-top cont-left ib-no-effect\" style=\"background-color: transparent;\" ><i class=\"\" style=\" \"><\/i> <h5 class=\"service-heading\" >Vielf\u00e4ltige Kommunikationskan\u00e4le<\/h5><p >MSIT-EXIN erm\u00f6glicht die Kommunikation \u00fcber SWIFT MT- und MX-Nachrichten (\u00fcber verschiedene EAI-Anwendungen), Fax, E-Mail oder Direkteingabe (Self-Service). MSIT-EXIN unterst\u00fctzt SWIFT E&amp;I-Prozesse gem\u00e4\u00df den SWIFT E&amp;I-Standards.<\/p><\/div>[vc_empty_space height=&#8221;16px&#8221;][\/vc_column_inner][\/vc_row_inner][vc_row_inner][vc_column_inner el_class=&#8221;pr-tablet&#8221; width=&#8221;1\/2&#8243;]<div class=\"key-icon-box icon-default icon-top cont-left ib-no-effect\" style=\"background-color: transparent;\" ><i class=\"\" style=\" \"><\/i> <h5 class=\"service-heading\" >Individuelle Anpassung<\/h5><p >MSIT-EXIN ist eine hochgradig skalierbare und konfigurierbare Anwendung, die flexibel und individuell an die spezifischen Anforderungen und Bed\u00fcrfnisse der Kunden angepasst werden kann.<\/p><\/div>[vc_empty_space height=&#8221;16px&#8221;][\/vc_column_inner][vc_column_inner el_class=&#8221;pl-tablet&#8221; width=&#8221;1\/2&#8243;]<div class=\"key-icon-box icon-default icon-top cont-left ib-no-effect\" style=\"background-color: transparent;\" ><i class=\"\" style=\" \"><\/i> <h5 class=\"service-heading\" >Mandantenf\u00e4higkeit<\/h5><p >Dank der Multi-Entity-Architektur kann die Anwendung konzernweit in Zentralen, Tochtergesellschaften und Niederlassungen eingesetzt werden.<\/p><\/div>[vc_empty_space height=&#8221;16px&#8221;][\/vc_column_inner][\/vc_row_inner][vc_row_inner][vc_column_inner el_class=&#8221;pr-tablet&#8221; width=&#8221;1\/2&#8243;]<div class=\"key-icon-box icon-default icon-top cont-left ib-no-effect\" style=\"background-color: transparent;\" ><i class=\"\" style=\" \"><\/i> <h5 class=\"service-heading\" >Ausgezeichnetes Reporting<\/h5><p >Das Reportingtool von MSIT-EXIN bietet sowohl Standard- als auch individuelle Reports. Standardreports werden als Dashboards angezeigt und k\u00f6nnen zur weiteren Bearbeitung exportiert werden.<\/p><\/div>[vc_empty_space height=&#8221;16px&#8221;][\/vc_column_inner][vc_column_inner el_class=&#8221;pl-tablet&#8221; width=&#8221;1\/2&#8243;]<div class=\"key-icon-box icon-default icon-top cont-left ib-no-effect\" style=\"background-color: transparent;\" ><i class=\"\" style=\" \"><\/i> <h5 class=\"service-heading\" >Monitoring<\/h5><p >MSIT-EXIN bietet Warnungen und Benachrichtigungen f\u00fcr neue Akten, Antworten auf Akten, Wiedervorlage, Nachrichten auf der Non-STP-Liste, Nachrichten, die auf eine \u00dcberpr\u00fcfung warten, usw.<\/p><\/div>[vc_empty_space height=&#8221;16px&#8221;][\/vc_column_inner][\/vc_row_inner][vc_row_inner][vc_column_inner el_class=&#8221;pr-tablet&#8221; width=&#8221;1\/2&#8243;]<div class=\"key-icon-box icon-default icon-top cont-left ib-no-effect\" style=\"background-color: transparent;\" ><i class=\"\" style=\" \"><\/i> <h5 class=\"service-heading\" >Benutzerfreundlichkeit<\/h5><p >Die einfach zu bedienende, intuitive grafische Benutzeroberfl\u00e4che unterst\u00fctzt die schnelle Identifizierung und effiziente Bearbeitung von Reklamationen.<\/p><\/div>[vc_empty_space height=&#8221;16px&#8221;][\/vc_column_inner][vc_column_inner el_class=&#8221;pl-tablet&#8221; width=&#8221;1\/2&#8243;]<div class=\"key-icon-box icon-default icon-top cont-left ib-no-effect\" style=\"background-color: transparent;\" ><i class=\"\" style=\" \"><\/i> <h5 class=\"service-heading\" >Mehrsprachigkeit<\/h5><p >Deutsch und Englisch sind standardm\u00e4\u00dfig verf\u00fcgbar. Alle Arten von Sprachen werden unterst\u00fctzt und k\u00f6nnen leicht hinzugef\u00fcgt werden.<\/p><\/div>[vc_empty_space height=&#8221;16px&#8221;][\/vc_column_inner][\/vc_row_inner][vc_row_inner][vc_column_inner css=&#8221;.vc_custom_1695548034972{padding-right: 0px !important;padding-left: 0px !important;}&#8221;][vc_empty_space height=&#8221;24px&#8221;]<div class=\"kd-calltoaction no_icon \" >\n                <div class=\"container\">\n                  <div class=\"cta-text-container \" ><div class=\"cta-text\">\n                        <h3 >Erfahren Sie mehr \u00fcber MSIT-EXIN!<\/h3><p >Kontaktieren Sie uns f\u00fcr eine Demo, um mehr \u00fcber MSIT-EXIN zu erfahren.<\/p><\/div>\n                    <\/div>\n                    <div class=\"cta-btncontainer\"><a href=\"https:\/\/www.msit.at\/de\/bestellung-einer-demo\/\"  title=\"Demo anfordern\" class=\"tt_button tt_secondary_button button-action-link btn_primary_color \" >Demo anfordern<\/a><\/div>\n                <\/div>\n            <\/div>[vc_empty_space height=&#8221;24px&#8221;][\/vc_column_inner][\/vc_row_inner][\/vc_column][\/vc_row][vc_row full_width=&#8221;stretch_row&#8221; css=&#8221;.vc_custom_1695551207702{background-color: #f3f3f3 !important;}&#8221;][vc_column css=&#8221;.vc_custom_1695023859253{padding-right: 0px !important;padding-left: 0px !important;}&#8221;][vc_row_inner][vc_column_inner][vc_empty_space height=&#8221;80px&#8221;]<header class=\"kd-section-title col-lg-8 vc_col-sm-8 text-left solid-line sep-border-width-1    \" ><h2 class=\"separator_on\" >Andere Produkte<\/h2><div class=\"kd-separator below_title\" ><div class=\"kd-separator-line\" style=\"border-color:#00477f\"><\/div><\/div><\/header>[\/vc_column_inner][\/vc_row_inner][vc_empty_space height=&#8221;40px&#8221; el_class=&#8221;desktop-only&#8221;][vc_row_inner el_class=&#8221;solutions-cards-row&#8221; css=&#8221;.vc_custom_1695025455421{padding-right: 0px !important;padding-left: 0px !important;}&#8221;][vc_column_inner el_class=&#8221;solutions-card active&#8221; width=&#8221;1\/3&#8243; css=&#8221;.vc_custom_1695540194287{padding-top: 0px !important;padding-right: 0px !important;padding-bottom: 0px !important;padding-left: 0px !important;}&#8221;][vc_column_text]<\/p>\n<h6>MSIT-CMM<\/h6>\n<h4>Case and Message Management<\/h4>\n<p>Entwicklung von L\u00f6sungen mit Kommunikationskan\u00e4len zum SWIFT-Netz, E-Mail und webbasierten Self-Services zur Unterst\u00fctzung eines kosteng\u00fcnstigen, effizienten und benutzerfreundlichen Case- und Message-Managements.[\/vc_column_text]<a style=\"width: 100%;\" href=\"\"   class=\"tt_button tt_secondary_button btn_primary_color  button-center button-action-link\" ><span class=\"prim_text\">Mehr erfahren<\/span><\/a>[\/vc_column_inner][vc_column_inner el_class=&#8221;solutions-card active&#8221; width=&#8221;1\/3&#8243; css=&#8221;.vc_custom_1695540217289{padding-right: 0px !important;padding-left: 0px !important;}&#8221;][vc_column_text]<\/p>\n<h6>MSIT-CARE<\/h6>\n<h4>Cash Management<\/h4>\n<p>Entwicklung von Cash-Reporting-Anwendungen zur schnelleren Bereitstellung von Konto- und Transaktionsinformationen in Echtzeit, um die Optimierung von Bilanzen, Risiko- und Investitionsmanagement zu unterst\u00fctzen.[\/vc_column_text]<a style=\"width: 100%;\" href=\"\"   class=\"tt_button tt_secondary_button btn_primary_color  button-center button-action-link\" ><span class=\"prim_text\">Mehr erfahren<\/span><\/a>[\/vc_column_inner][vc_column_inner el_class=&#8221;solutions-card active&#8221; width=&#8221;1\/3&#8243; css=&#8221;.vc_custom_1695540214687{padding-right: 0px !important;padding-left: 0px !important;}&#8221;][vc_column_text]<\/p>\n<h6>MSIT-Archivierung<\/h6>\n<h4>Archivierung<\/h4>\n<p>Entwicklung eines flexiblen, vielseitigen und sehr leistungsf\u00e4higen Softwareinstruments, das f\u00fcr jede Art von Unternehmen oder Organisation geeignet ist, die Nachrichten verarbeiten und ein zuverl\u00e4ssiges Werkzeug zur Archivierung, Suche und Untersuchung von Nachrichteninformationen ben\u00f6tigen.[\/vc_column_text]<a style=\"width: 100%;\" href=\"\"   class=\"tt_button tt_secondary_button btn_primary_color  button-center button-action-link\" ><span class=\"prim_text\">Mehr erfahren<\/span><\/a>[\/vc_column_inner][\/vc_row_inner][vc_empty_space el_class=&#8221;hide-mobile&#8221;][vc_row_inner el_class=&#8221;solutions-cards-row&#8221; css=&#8221;.vc_custom_1695025455421{padding-right: 0px !important;padding-left: 0px !important;}&#8221;][vc_column_inner el_class=&#8221;solutions-card active&#8221; width=&#8221;1\/3&#8243; css=&#8221;.vc_custom_1695540220274{padding-top: 0px !important;padding-right: 0px !important;padding-bottom: 0px !important;padding-left: 0px !important;}&#8221;][vc_column_text]<\/p>\n<h6>MSIT-AML<\/h6>\n<h4>Anti-Geldw\u00e4sche<\/h4>\n<p>Eine L\u00f6sung, die die Transaktionen der Bankkunden t\u00e4glich wirksam \u00fcberwacht und der Bankleitung anhand der historischen Kundeninformationen und des Kontoprofils ein &#8220;Gesamtbild&#8221; liefert.[\/vc_column_text]<a style=\"width: 100%;\" href=\"\"   class=\"tt_button tt_secondary_button btn_primary_color  button-center button-action-link\" ><span class=\"prim_text\">Mehr erfahren<\/span><\/a>[\/vc_column_inner][vc_column_inner el_class=&#8221;solutions-card active&#8221; width=&#8221;1\/3&#8243; css=&#8221;.vc_custom_1695540225512{padding-right: 0px !important;padding-left: 0px !important;}&#8221;][vc_column_text]<\/p>\n<h6>MSIT-COREN<\/h6>\n<h4>Datenabgleich<\/h4>\n<p>MSIT-COREN (COnfigurable Reconciliation ENgine) ist die innovative L\u00f6sung zur Automatisierung der \u00dcberwachung von Datenbeziehungen, da sie eine hochflexible Reconciliation Processing Engine bietet, die eine einfache Anpassung an spezielle Szenarien und spezifische Anforderungen erm\u00f6glicht.[\/vc_column_text]<a style=\"width: 100%;\" href=\"\"   class=\"tt_button tt_secondary_button btn_primary_color  button-center button-action-link\" ><span class=\"prim_text\">Mehr erfahren<\/span><\/a>[\/vc_column_inner][vc_column_inner el_class=&#8221;solutions-card active&#8221; width=&#8221;1\/3&#8243; css=&#8221;.vc_custom_1695540228214{padding-right: 0px !important;padding-left: 0px !important;}&#8221;][vc_column_text]<\/p>\n<h4>XML-Nachrichten- und Schnittstellenmanagement<\/h4>\n<p>Nahtlose und einfache Integration von E&amp;I-Funktionen in Anwendungen von Drittanbietern. Diese l\u00f6sungsbasierte Gesch\u00e4ftsanwendung bietet ein leistungsf\u00e4higes Kanalmanagement f\u00fcr die gemeinsame Anbindung an SWIFT \u00fcber SAA\/SAG\/WBIFN oder andere.[\/vc_column_text]<a style=\"width: 100%;\" href=\"https:\/\/www.msit.at\/de\/kontakt\/\"  target=\"_self\"  title=\"\" class=\"tt_button tt_secondary_button btn_primary_color  button-center button-action-link\" ><span class=\"prim_text\">Kontakt<\/span><\/a>[\/vc_column_inner][\/vc_row_inner][vc_empty_space height=&#8221;80px&#8221;][\/vc_column][\/vc_row][vc_row full_width=&#8221;stretch_row&#8221; css=&#8221;.vc_custom_1695551222992{margin-right: 15px !important;margin-left: 15px !important;background-image: url(https:\/\/www.msit.at\/wp-content\/uploads\/2023\/09\/background-gradient.jpg?id=7796) !important;background-position: center !important;background-repeat: no-repeat !important;background-size: cover !important;}&#8221;][vc_column css=&#8221;.vc_custom_1694862531504{padding-top: 80px !important;padding-bottom: 80px !important;}&#8221;][vc_empty_space height=&#8221;80px&#8221; el_class=&#8221;mobile-only&#8221;][vc_row_inner][vc_column_inner width=&#8221;1\/4&#8243; offset=&#8221;vc_hidden-xs&#8221;][\/vc_column_inner][vc_column_inner width=&#8221;1\/2&#8243;]<header class=\"kd-section-title col-lg-12 text-center  kd-animated fadeIn  \" data-animation-delay=200><h3 class=\"separator_off\" >Sind Sie bereit, loszulegen?<\/h3><h6 class=\"subtitle \" style=\"color: #606060;\">Vereinbaren Sie einen Termin mit uns, um mehr \u00fcber unsere Produkte zu erfahren oder sie vorzuf\u00fchren.<\/h6><\/header>[vc_empty_space height=&#8221;16px&#8221;][\/vc_column_inner][vc_column_inner width=&#8221;1\/4&#8243; offset=&#8221;vc_hidden-xs&#8221;][\/vc_column_inner][\/vc_row_inner][vc_empty_space height=&#8221;24px&#8221; el_class=&#8221;mobile-only&#8221;][vc_row_inner][vc_column_inner el_class=&#8221;pr-tablet&#8221; width=&#8221;1\/2&#8243; css=&#8221;.vc_custom_1694871660026{padding-right: 0px !important;padding-left: 0px !important;}&#8221;]<a  class=\"tt_button tt_primary_button btn_primary_color  pull-right panel-trigger-btn  kd-animated zoomIn mobile-full-width\" data-animation-delay=200><span class=\"prim_text\">Buchen Sie ein Meeting<\/span><\/a>[vc_empty_space height=&#8221;16px&#8221; el_class=&#8221;mobile-only&#8221;][\/vc_column_inner][vc_column_inner width=&#8221;1\/2&#8243; css=&#8221;.vc_custom_1694871663735{padding-right: 0px !important;padding-left: 0px !important;}&#8221;]<a  href=\"https:\/\/www.msit.at\/de\/bestellung-einer-demo\/\"  target=\"_self\"  title=\"\" class=\"tt_button tt_secondary_button btn_primary_color hover_solid_primary pull-left button-action-link  kd-animated zoomIn mobile-full-width\" data-animation-delay=200><span class=\"prim_text\">Demo anfordern<\/span><\/a>[\/vc_column_inner][\/vc_row_inner][vc_empty_space height=&#8221;80px&#8221; el_class=&#8221;mobile-only&#8221;][\/vc_column][\/vc_row]<\/p>\n<\/section>","protected":false},"excerpt":{"rendered":"<p>[vc_row css=&#8221;.vc_custom_1695551123482{padding-top: 200px !important;}&#8221;][vc_column css=&#8221;.vc_custom_1695016336119{padding-right: 0px !important;padding-left: 0px !important;}&#8221;][vc_row_inner equal_height=&#8221;yes&#8221; content_placement=&#8221;middle&#8221;][vc_column_inner width=&#8221;1\/2&#8243;][vc_column_text] MSIT-EXIN [\/vc_column_text][vc_empty_space height=&#8221;12px&#8221;][vc_empty_space height=&#8221;16px&#8221;][vc_empty_space height=&#8221;16px&#8221; el_class=&#8221;mobile-only&#8221;][vc_empty_space height=&#8221;40px&#8221;][vc_empty_space height=&#8221;40px&#8221; el_class=&#8221;mobile-only&#8221;][\/vc_column_inner][vc_column_inner width=&#8221;1\/2&#8243; css=&#8221;.vc_custom_1695018155571{margin-top: -64px !important;margin-right: -73px !important;margin-left: 80px !important;background-position: center !important;background-repeat: no-repeat [&hellip;]<\/p>\n","protected":false},"author":2,"featured_media":0,"parent":9345,"menu_order":0,"comment_status":"closed","ping_status":"closed","template":"","meta":{"footnotes":""},"class_list":["post-9357","page","type-page","status-publish","hentry"],"_links":{"self":[{"href":"https:\/\/www.msit.at\/de\/wp-json\/wp\/v2\/pages\/9357","targetHints":{"allow":["GET"]}}],"collection":[{"href":"https:\/\/www.msit.at\/de\/wp-json\/wp\/v2\/pages"}],"about":[{"href":"https:\/\/www.msit.at\/de\/wp-json\/wp\/v2\/types\/page"}],"author":[{"embeddable":true,"href":"https:\/\/www.msit.at\/de\/wp-json\/wp\/v2\/users\/2"}],"replies":[{"embeddable":true,"href":"https:\/\/www.msit.at\/de\/wp-json\/wp\/v2\/comments?post=9357"}],"version-history":[{"count":27,"href":"https:\/\/www.msit.at\/de\/wp-json\/wp\/v2\/pages\/9357\/revisions"}],"predecessor-version":[{"id":9621,"href":"https:\/\/www.msit.at\/de\/wp-json\/wp\/v2\/pages\/9357\/revisions\/9621"}],"up":[{"embeddable":true,"href":"https:\/\/www.msit.at\/de\/wp-json\/wp\/v2\/pages\/9345"}],"wp:attachment":[{"href":"https:\/\/www.msit.at\/de\/wp-json\/wp\/v2\/media?parent=9357"}],"curies":[{"name":"wp","href":"https:\/\/api.w.org\/{rel}","templated":true}]}}