{"id":9368,"date":"2023-09-12T06:25:53","date_gmt":"2023-09-12T06:25:53","guid":{"rendered":"https:\/\/www.msit.at\/datenschutzbestimmungen\/"},"modified":"2024-02-23T14:13:55","modified_gmt":"2024-02-23T14:13:55","slug":"datenschutzbestimmungen","status":"publish","type":"page","link":"https:\/\/www.msit.at\/de\/datenschutzbestimmungen\/","title":{"rendered":"Datenschutzbestimmungen"},"content":{"rendered":"<section class=\"wpb-content-wrapper\"><p>[vc_row][vc_column css=&#8221;.vc_custom_1694500267459{padding-top: 200px !important;padding-bottom: 60px !important;}&#8221;]<header class=\"kd-section-title col-lg-12 text-center solid-line sep-border-width-2    \" ><h1 class=\"separator_on\" >Erkl\u00e4rung zum Datenschutz<\/h1><div class=\"kd-separator below_title\" ><div class=\"kd-separator-line\" style=\"border-color:#00477f\"><\/div><\/div><\/header>[\/vc_column][\/vc_row][vc_row][vc_column css=&#8221;.vc_custom_1694502426092{padding-right: 0px !important;padding-left: 0px !important;}&#8221;][vc_row_inner][vc_column_inner][vc_column_text]<\/p>\n<h4>1. Einleitung<\/h4>\n<p>Der Schutz Ihrer pers\u00f6nlichen Daten ist f\u00fcr uns besonders wichtig. Deshalb verarbeiten wir Ihre Daten ausschlie\u00dflich auf der Grundlage der geltenden gesetzlichen Bestimmungen, n\u00e4mlich des nationalen Datenschutzgesetzes 2000, der europ\u00e4ischen Datenschutzgrundverordnung (DSGVO). Diese Datenschutzerkl\u00e4rung informiert Sie \u00fcber die wichtigsten Aspekte der Datenverarbeitung im Zusammenhang mit Ihrer Nutzung unserer Website und der Nutzung unserer Produkte und Dienstleistungen.<\/p>\n<p>&nbsp;<\/p>\n<h4>2. Informationen \u00fcber die Erhebung von personenbezogenen Daten<\/h4>\n<p>Als Verantwortlicher f\u00fcr die Einhaltung des Datenschutzes verarbeiten wir Ihre Daten f\u00fcr die folgenden Zwecke:<br \/>\n(a) die Erstellung und Bereitstellung von Werbung und Beschreibungen unserer Produkte, (b) die Beantwortung Ihrer Anfragen und Folgefragen, einschlie\u00dflich der Erstellung von Vertragsangeboten zu unseren Produkten und Dienstleistungen sowie von Vertragsabschl\u00fcssen, (c) die Erf\u00fcllung bestehender Vertr\u00e4ge in Bezug auf unsere Produkte und (d) Betrieb und Optimierung unserer Website.<\/p>\n<p>Management Solutions Information Technology GmbH, Wenzlberg 1, A-2453 Sommerein, office@msit.at (siehe auch unser Impressum) ist verantwortlich im Sinne des Art. 4 Abs. 7 Allgemeine Datenschutzverordnung (GDPR). Unseren Datenschutzbeauftragten erreichen Sie unter office@msit.at oder unter unserer Postadresse mit dem Zusatz &#8220;der Datenschutzbeauftragte&#8221;.<\/p>\n<p>Im Folgenden informieren wir Sie \u00fcber die Erhebung personenbezogener Daten bei der Nutzung unserer Website. Personenbezogene Daten sind alle Daten, die auf Sie pers\u00f6nlich beziehbar sind, also z.B. Name, Adresse, E-Mail-Adressen und Nutzerverhalten.<\/p>\n<p>Kontakt-Formular: Wenn Sie Fragen haben, bieten wir Ihnen die M\u00f6glichkeit, uns \u00fcber das auf der Website bereitgestellte Formular zu kontaktieren. Eine g\u00fcltige E-Mail-Adresse ist erforderlich, damit wir wissen, von wem die Anfrage stammt und damit wir sie beantworten k\u00f6nnen. Weitere Informationen k\u00f6nnen auf freiwilliger Basis erteilt werden. Die Daten werden zum Zweck der Kontaktaufnahme mit uns gem\u00e4\u00df Art. 6 Abs. 1 (1) (a) GDPR. Die f\u00fcr die Benutzung des Kontaktformulars von uns erhobenen personenbezogenen Daten werden nach Erledigung der von Ihnen gestellten Anfrage automatisch gel\u00f6scht.<\/p>\n<p>Informationen zur Bewerbung: Wir verarbeiten die Daten, die Sie uns im Zusammenhang mit Ihrer Bewerbung \u00fcbermittelt haben, um Ihre Eignung f\u00fcr die Stelle (oder andere offene Stellen in unserem Unternehmen) zu pr\u00fcfen und das Bewerbungsverfahren durchzuf\u00fchren. Sollten die Daten nach Abschluss des Bewerbungsverfahrens f\u00fcr die Rechtsverfolgung erforderlich sein, kann die Datenverarbeitung auf der Grundlage der Vorgaben des Art. 6 DSGVO, insbesondere zur Wahrung berechtigter Interessen gem\u00e4\u00df Art. 6 Abs. 1 (f) GDPR. Wir sind dann daran interessiert, Anspr\u00fcche geltend zu machen oder abzuwehren. Die Bewerberdaten werden im Falle einer Ablehnung nach 6 Monaten gel\u00f6scht. Falls Sie in die weitere Speicherung Ihrer personenbezogenen Daten eingewilligt haben, werden wir Ihre Daten in unseren Bewerberpool aufnehmen. Dort werden Ihre Daten nach zwei Jahren gel\u00f6scht. Wenn Sie w\u00e4hrend des Bewerbungsverfahrens eine Stelle erhalten haben, werden die Daten aus dem Bewerberdatensystem in unser Personalinformationssystem \u00fcbertragen.<\/p>\n<p>Sofern wir f\u00fcr einzelne Funktionen unseres Angebots auf beauftragte Dienstleister zur\u00fcckgreifen oder Ihre Daten zu Werbezwecken nutzen m\u00f6chten, informieren wir Sie im Folgenden ausf\u00fchrlich \u00fcber die jeweiligen Verfahren. Wir legen auch die Kriterien f\u00fcr die Aufbewahrungsfrist fest.<\/p>\n<p>&nbsp;<\/p>\n<h4>3. Deine Rechte<\/h4>\n<p>Sie haben uns gegen\u00fcber die folgenden Rechte in Bezug auf die Sie betreffenden personenbezogenen Daten:<\/p>\n<ul>\n<li>das Recht auf Zugang, Berichtigung oder L\u00f6schung von Daten<\/li>\n<li>das Recht, die Verarbeitung von Daten einzuschr\u00e4nken,<\/li>\n<li>das Recht auf Widerspruch gegen die Verarbeitung der Daten,<\/li>\n<li>das Recht auf Daten\u00fcbertragbarkeit.<\/li>\n<\/ul>\n<p>Sie haben auch das Recht, sich bei einer Datenschutzaufsichtsbeh\u00f6rde \u00fcber unsere Verarbeitung Ihrer personenbezogenen Daten zu beschweren. Sie k\u00f6nnen sich an die Aufsichtsbeh\u00f6rde an Ihrem \u00fcblichen Wohn- oder Arbeitsort oder an unserem Firmensitz wenden.<\/p>\n<p>&nbsp;<\/p>\n<h4>4. Erhebung von personenbezogenen Daten beim Besuch unserer Website<\/h4>\n<p>Bei der rein informatorischen Nutzung der Website, d.h. wenn Sie sich nicht registrieren oder uns anderweitig Informationen \u00fcbermitteln, erheben wir nur die personenbezogenen Daten, die Ihr Browser an unseren Server \u00fcbermittelt. Wenn Sie unsere Website aufrufen m\u00f6chten, erheben wir die folgenden Daten, die technisch notwendig sind, um Ihnen unsere Website anzuzeigen und die Stabilit\u00e4t und Sicherheit zu gew\u00e4hrleisten (Rechtsgrundlage ist Art. 6 Abs. 1 (1) (f) GDPR):<\/p>\n<ul>\n<li>IP-Adresse<\/li>\n<li>Datum und Uhrzeit der Anfrage<\/li>\n<li>Zeitzonenunterschied zu Greenwich Mean Time (GMT)<\/li>\n<li>Inhalt der Anfrage (spezifische Seite)<\/li>\n<li>Zugriffsstatus\/HTTP-Statuscode<\/li>\n<li>Jeweilige Menge der \u00fcbertragenen Daten<\/li>\n<li>Website, von der die Anfrage kommt<\/li>\n<li>Bowser<\/li>\n<li>Betriebssystem und seine Schnittstelle<\/li>\n<li>Sprache und Version der Browsersoftware.<\/li>\n<\/ul>\n<p>Zus\u00e4tzlich zu den oben genannten Daten werden Cookies auf Ihrem Computer gespeichert, wenn Sie unsere Website nutzen. Cookies sind kleine Textdateien, die auf Ihrer Festplatte in dem von Ihnen verwendeten Browser gespeichert werden und durch die der Stelle, die den Cookie setzt (hier also uns), bestimmte Informationen zuflie\u00dfen. Cookies k\u00f6nnen keine Programme ausf\u00fchren oder Viren auf Ihren Computer \u00fcbertragen. Sie dienen dazu, das Internetangebot insgesamt benutzerfreundlicher und effektiver zu gestalten.<br \/>\nDiese Website verwendet die folgenden Arten von Cookies, deren Umfang und Funktionalit\u00e4t im Folgenden erl\u00e4utert werden:<\/p>\n<ul>\n<li>Vor\u00fcbergehende Cookies (siehe a)<\/li>\n<li>Dauerhafte Cookies (siehe b)<\/li>\n<\/ul>\n<p>a) Vor\u00fcbergehende Cookies werden automatisch gel\u00f6scht, wenn Sie Ihren Browser schlie\u00dfen. Dazu geh\u00f6ren insbesondere die Sitzungscookies. Diese speichern eine sogenannte Session-ID, mit der verschiedene Anfragen Ihres Browsers der gemeinsamen Sitzung zugeordnet werden k\u00f6nnen. Dadurch kann Ihr Computer erkannt werden, wenn Sie auf unsere Website zur\u00fcckkehren. Session-Cookies werden gel\u00f6scht, wenn Sie sich abmelden oder Ihren Browser schlie\u00dfen.<\/p>\n<p>b) Dauerhafte Cookies werden nach einem bestimmten Zeitraum, der je nach Cookie variieren kann, automatisch gel\u00f6scht. Sie k\u00f6nnen Cookies jederzeit in den Sicherheitseinstellungen Ihres Browsers l\u00f6schen.<\/p>\n<p>c) Sie k\u00f6nnen Ihre Browser-Einstellungen nach Ihren W\u00fcnschen konfigurieren und z.B. die Annahme von Drittanbieter-Cookies oder aller Cookies verweigern. Bitte beachten Sie, dass Sie m\u00f6glicherweise nicht alle Funktionen dieser Website nutzen k\u00f6nnen.<\/p>\n<p>&nbsp;<\/p>\n<h4>5. Einspruch oder Widerruf gegen die Verarbeitung Ihrer Daten<\/h4>\n<p>Wenn Sie in die Verarbeitung Ihrer Daten eingewilligt haben, k\u00f6nnen Sie diese jederzeit widerrufen. Ein solcher Widerruf hat Einfluss auf die Zul\u00e4ssigkeit der Verarbeitung Ihrer personenbezogenen Daten, nachdem Sie uns diese zur Verf\u00fcgung gestellt haben.<\/p>\n<p>Wenn wir die Verarbeitung Ihrer personenbezogenen Daten auf eine Interessenabw\u00e4gung st\u00fctzen, k\u00f6nnen Sie der Verarbeitung widersprechen. Dies ist der Fall, wenn die Verarbeitung insbesondere nicht zur Erf\u00fcllung eines Vertrages mit Ihnen erforderlich ist, was von uns in der nachfolgenden Funktionsbeschreibung beschrieben wird. Wenn Sie einen solchen Einspruch erheben, bitten wir Sie, die Gr\u00fcnde zu erl\u00e4utern, warum wir Ihre personenbezogenen Daten nicht so verarbeiten sollten, wie wir es getan haben. Im Falle eines berechtigten Widerspruchs werden wir die Situation pr\u00fcfen und entweder die Datenverarbeitung einstellen oder anpassen oder Ihnen unsere zwingenden und schutzw\u00fcrdigen Gr\u00fcnde aufzeigen, auf deren Grundlage wir die Verarbeitung fortsetzen werden.<\/p>\n<p>Selbstverst\u00e4ndlich k\u00f6nnen Sie der Verarbeitung Ihrer personenbezogenen Daten zu Datenanalysezwecken jederzeit widersprechen. Sie k\u00f6nnen uns \u00fcber Ihren Widerspruch unter folgendem Kontakt informieren: Management Solutions Information Technology GmbH, Wenzlberg 1, A-2453 Sommerein, office@msit.at, siehe auch unser Impressum.<\/p>\n<p>&nbsp;<\/p>\n<h4>6. Datensicherheit<\/h4>\n<p>Wir setzen geeignete technische und organisatorische Sicherheitsma\u00dfnahmen ein, um Ihre Daten gegen zuf\u00e4llige oder vors\u00e4tzliche Manipulationen, teilweisen oder vollst\u00e4ndigen Verlust, Zerst\u00f6rung oder unberechtigten Zugriff durch Dritte zu sch\u00fctzen. Unsere Sicherheitsma\u00dfnahmen werden entsprechend der technologischen Entwicklung fortlaufend verbessert.<\/p>\n<p>&nbsp;<\/p>\n<h4>7. Aktualit\u00e4t<\/h4>\n<p>Diese Datenschutzerkl\u00e4rung ist aktuell g\u00fcltig und hat den Stand Mai 2018. Durch die Weiterentwicklung unserer Website und Angebote dar\u00fcber oder aufgrund ge\u00e4nderter gesetzlicher beziehungsweise beh\u00f6rdlicher Vorgaben kann es notwendig werden, diese Datenschutzerkl\u00e4rung zu \u00e4ndern. Die aktuelle Datenschutzerkl\u00e4rung k\u00f6nnen Sie jederzeit auf der Website unter http:\/\/www.msit.at\/start.40.html abrufen und ausdrucken.[\/vc_column_text][\/vc_column_inner][\/vc_row_inner][\/vc_column][\/vc_row]<\/p>\n<\/section>","protected":false},"excerpt":{"rendered":"<p>[vc_row][vc_column css=&#8221;.vc_custom_1694500267459{padding-top: 200px !important;padding-bottom: 60px !important;}&#8221;][\/vc_column][\/vc_row][vc_row][vc_column css=&#8221;.vc_custom_1694502426092{padding-right: 0px !important;padding-left: 0px !important;}&#8221;][vc_row_inner][vc_column_inner][vc_column_text] 1. Einleitung Der Schutz Ihrer pers\u00f6nlichen Daten ist f\u00fcr uns besonders wichtig. Deshalb verarbeiten wir Ihre Daten ausschlie\u00dflich auf der Grundlage [&hellip;]<\/p>\n","protected":false},"author":2,"featured_media":0,"parent":0,"menu_order":0,"comment_status":"closed","ping_status":"closed","template":"","meta":{"footnotes":""},"class_list":["post-9368","page","type-page","status-publish","hentry"],"_links":{"self":[{"href":"https:\/\/www.msit.at\/de\/wp-json\/wp\/v2\/pages\/9368","targetHints":{"allow":["GET"]}}],"collection":[{"href":"https:\/\/www.msit.at\/de\/wp-json\/wp\/v2\/pages"}],"about":[{"href":"https:\/\/www.msit.at\/de\/wp-json\/wp\/v2\/types\/page"}],"author":[{"embeddable":true,"href":"https:\/\/www.msit.at\/de\/wp-json\/wp\/v2\/users\/2"}],"replies":[{"embeddable":true,"href":"https:\/\/www.msit.at\/de\/wp-json\/wp\/v2\/comments?post=9368"}],"version-history":[{"count":1,"href":"https:\/\/www.msit.at\/de\/wp-json\/wp\/v2\/pages\/9368\/revisions"}],"predecessor-version":[{"id":9377,"href":"https:\/\/www.msit.at\/de\/wp-json\/wp\/v2\/pages\/9368\/revisions\/9377"}],"wp:attachment":[{"href":"https:\/\/www.msit.at\/de\/wp-json\/wp\/v2\/media?parent=9368"}],"curies":[{"name":"wp","href":"https:\/\/api.w.org\/{rel}","templated":true}]}}