{"id":9382,"date":"2023-09-12T06:10:15","date_gmt":"2023-09-12T06:10:15","guid":{"rendered":"https:\/\/www.msit.at\/haftungsausschluss\/"},"modified":"2024-02-23T14:13:55","modified_gmt":"2024-02-23T14:13:55","slug":"haftungsausschluss","status":"publish","type":"page","link":"https:\/\/www.msit.at\/de\/haftungsausschluss\/","title":{"rendered":"Haftungsausschluss"},"content":{"rendered":"<section class=\"wpb-content-wrapper\"><p>[vc_row css=&#8221;.vc_custom_1694499786015{padding-top: 200px !important;padding-bottom: 60px !important;}&#8221;][vc_column css=&#8221;.vc_custom_1694499875003{padding-right: 0px !important;padding-left: 0px !important;}&#8221;]<header class=\"kd-section-title col-lg-12 text-center solid-line sep-border-width-2     vc_custom_1694500306659\" ><h1 class=\"separator_on\" >Haftungsausschluss<\/h1><div class=\"kd-separator below_title\" ><div class=\"kd-separator-line\" style=\"border-color:#00477f\"><\/div><\/div><\/header>[\/vc_column][\/vc_row][vc_row][vc_column css=&#8221;.vc_custom_1694499882358{padding-right: 0px !important;padding-left: 0px !important;}&#8221;][vc_row_inner][vc_column_inner][vc_column_text]<\/p>\n<h3>Wichtiger rechtlicher Hinweis<\/h3>\n<p>Mit dem \u00d6ffnen und\/oder der Nutzung der auf dieser Website bereitgestellten Informationen, Dienste, Links, Funktionen, Anwendungen oder Programme (im Folgenden: &#8220;Inhalte&#8221;) erkl\u00e4rt sich der Nutzer mit den nachstehenden Bedingungen einverstanden:<\/p>\n<p>&nbsp;<\/p>\n<h4>Urheberrechtsgesetz:<\/h4>\n<p>Die auf dieser Website und ihren Unterseiten (im Folgenden: MSIT-Website) angebotenen Inhalte sind urheberrechtlich gesch\u00fctzt. Das Herunterladen oder die Speicherung von auf der MSIT-Website enthaltenen Anwendungen oder Programmen sowie die (vollst\u00e4ndige oder teilweise) Reproduktion, \u00dcbermittlung, Modifikation oder Verkn\u00fcpfung der Inhalte der MSIT-Website ist nur mit ausdr\u00fccklicher und schriftlicher Zustimmung von MSIT oder in Absprache mit unserem Gesch\u00e4ftsf\u00fchrer Josef Steindl gestattet.<\/p>\n<p>Der Nutzer ist jedoch berechtigt, einzelne Seiten oder Teile dieser Website im Rahmen der Bestimmungen des \u00f6sterreichischen Urheberrechtsgesetzes auszudrucken, herunterzuladen oder zu speichern, sofern die Urheberrechtsvermerke oder andere gesetzlich gesch\u00fctzte Bezeichnungen weder entfernt noch ver\u00e4ndert werden. Berechtigte Nutzer von MSIT-e.custody sind auch berechtigt, die Anwendungen oder Programme auf den Seiten von MSIT-e.custody zu nutzen und zu speichern, die der Abwicklung oder Bearbeitung ihrer Transaktions- oder Depotdaten dienen.<\/p>\n<p>&nbsp;<\/p>\n<h4>Informationsgehalt, Aktualit\u00e4t der Informationen:<\/h4>\n<p>MSIT hat sich bei der Recherche der auf dieser Website ver\u00f6ffentlichten Informationen sowie bei der Auswahl der verwendeten Informationsquellen um Zuverl\u00e4ssigkeit bem\u00fcht. MSIT \u00fcbernimmt jedoch keinerlei Haftung f\u00fcr die Richtigkeit, Vollst\u00e4ndigkeit, Aktualit\u00e4t oder ununterbrochene Verf\u00fcgbarkeit der auf ihrer Website zur Verf\u00fcgung gestellten Informationen oder f\u00fcr die verwendeten Informationsquellen.<\/p>\n<p>&nbsp;<\/p>\n<h4>Links zu Websites oder URLs von Drittanbietern:<\/h4>\n<p>Mit Ausnahme der in \u00a7 17 des \u00f6sterreichischen E-Commerce-Gesetzes geregelten F\u00e4lle \u00fcbernimmt MSIT keine Haftung f\u00fcr die Inhalte von Websites oder URLs anderer Anbieter, zu denen Links gesetzt werden. MSIT \u00fcbernimmt auch keine Gew\u00e4hr f\u00fcr die ununterbrochene Verf\u00fcgbarkeit oder volle Funktionsf\u00e4higkeit der Links zu Websites oder URLs Dritter.<\/p>\n<p>&nbsp;<\/p>\n<h4>Ausschluss der Haftung:<\/h4>\n<p>MSIT \u00fcbernimmt keine Gew\u00e4hrleistung und keine Haftung f\u00fcr Sch\u00e4den irgendwelcher Art (einschliesslich Folge- oder indirekter Sch\u00e4den oder entgangenem Gewinn) im Zusammenhang mit dem Zugriff auf die MSIT-Website, dem Aufruf, der Benutzung oder der Abfrage von Inhalten der Website oder mit Verkn\u00fcpfungen (Links), die auf der MSIT-Website zu Websites oder URLs von Dritten eingerichtet sind. Dies gilt auch in F\u00e4llen, in denen MSIT auf die M\u00f6glichkeit eines solchen Schadens hinweist. MSIT haftet ferner nicht f\u00fcr technische St\u00f6rungen wie z.B. Serverausf\u00e4lle, Betriebsst\u00f6rungen oder Ausf\u00e4lle der Telekommunikationsverbindungen und \u00e4hnliche Ereignisse, die zur (vor\u00fcbergehenden) Nichtverf\u00fcgbarkeit der MSIT-Website insgesamt oder von Teilen derselben und\/oder zur (vor\u00fcbergehenden) Nichtverf\u00fcgbarkeit oder zu fehlerhaften Transaktionen oder Depotdaten bei MSIT-e.custody f\u00fchren k\u00f6nnen.<\/p>\n<p>&nbsp;<\/p>\n<h4>Speicherung der Registrierungsdaten:<\/h4>\n<p>Bestimmte Bereiche der MSIT-Website (z.B. Login, Kundenbereich) sind nur f\u00fcr registrierte Benutzer zug\u00e4nglich. Mit dem Absenden des ausgef\u00fcllten Online-Anmeldeformulars best\u00e4tigt der Nutzer die Vollst\u00e4ndigkeit und Richtigkeit der angegebenen Daten und best\u00e4tigt, die gestellten Fragen wahrheitsgem\u00e4\u00df beantwortet zu haben. Dar\u00fcber hinaus erkl\u00e4rt der Nutzer mit dem Absenden des ausgef\u00fcllten Online-Formulars sein Einverst\u00e4ndnis mit der elektronischen Verarbeitung seiner Registrierungsdaten durch MSIT f\u00fcr interne organisatorische Zwecke.<\/p>\n<p>&nbsp;<\/p>\n<h4>\u00c4nderungen auf der MSIT-Webseite:<\/h4>\n<p>MSIT beh\u00e4lt sich das Recht vor, die MSIT-Website jederzeit (ggf. auch ohne vorherige Ank\u00fcndigung) zu \u00e4ndern und zu entfernen, insbesondere bestehende Inhalte (ganz oder teilweise) zu \u00e4ndern und neue Inhalte hinzuzuf\u00fcgen.<\/p>\n<p>&nbsp;<\/p>\n<p>Bitte beachten Sie auch die allgemeinen Informationen gem\u00e4\u00df \u00a7 5 des E-Commerce-Gesetzes![\/vc_column_text][\/vc_column_inner][\/vc_row_inner][\/vc_column][\/vc_row]<\/p>\n<\/section>","protected":false},"excerpt":{"rendered":"<p>[vc_row css=&#8221;.vc_custom_1694499786015{padding-top: 200px !important;padding-bottom: 60px !important;}&#8221;][vc_column css=&#8221;.vc_custom_1694499875003{padding-right: 0px !important;padding-left: 0px !important;}&#8221;][\/vc_column][\/vc_row][vc_row][vc_column css=&#8221;.vc_custom_1694499882358{padding-right: 0px !important;padding-left: 0px !important;}&#8221;][vc_row_inner][vc_column_inner][vc_column_text] Wichtiger rechtlicher Hinweis Mit dem \u00d6ffnen und\/oder der Nutzung der auf dieser Website bereitgestellten Informationen, Dienste, [&hellip;]<\/p>\n","protected":false},"author":2,"featured_media":0,"parent":0,"menu_order":0,"comment_status":"closed","ping_status":"closed","template":"","meta":{"footnotes":""},"class_list":["post-9382","page","type-page","status-publish","hentry"],"_links":{"self":[{"href":"https:\/\/www.msit.at\/de\/wp-json\/wp\/v2\/pages\/9382","targetHints":{"allow":["GET"]}}],"collection":[{"href":"https:\/\/www.msit.at\/de\/wp-json\/wp\/v2\/pages"}],"about":[{"href":"https:\/\/www.msit.at\/de\/wp-json\/wp\/v2\/types\/page"}],"author":[{"embeddable":true,"href":"https:\/\/www.msit.at\/de\/wp-json\/wp\/v2\/users\/2"}],"replies":[{"embeddable":true,"href":"https:\/\/www.msit.at\/de\/wp-json\/wp\/v2\/comments?post=9382"}],"version-history":[{"count":1,"href":"https:\/\/www.msit.at\/de\/wp-json\/wp\/v2\/pages\/9382\/revisions"}],"predecessor-version":[{"id":9392,"href":"https:\/\/www.msit.at\/de\/wp-json\/wp\/v2\/pages\/9382\/revisions\/9392"}],"wp:attachment":[{"href":"https:\/\/www.msit.at\/de\/wp-json\/wp\/v2\/media?parent=9382"}],"curies":[{"name":"wp","href":"https:\/\/api.w.org\/{rel}","templated":true}]}}