{"id":9406,"date":"2023-09-24T10:28:51","date_gmt":"2023-09-24T10:28:51","guid":{"rendered":"https:\/\/www.msit.at\/produkte\/care-kassenfuehrung\/"},"modified":"2024-03-11T20:09:32","modified_gmt":"2024-03-11T20:09:32","slug":"care-cash-management","status":"publish","type":"page","link":"https:\/\/www.msit.at\/de\/produkte\/care-cash-management\/","title":{"rendered":"CARE &#8211; Cash Management"},"content":{"rendered":"<section class=\"wpb-content-wrapper\"><p>[vc_row css=&#8221;.vc_custom_1695549730691{padding-top: 200px !important;}&#8221;][vc_column css=&#8221;.vc_custom_1695016336119{padding-right: 0px !important;padding-left: 0px !important;}&#8221;][vc_row_inner equal_height=&#8221;yes&#8221; content_placement=&#8221;middle&#8221;][vc_column_inner width=&#8221;1\/2&#8243;][vc_column_text]<\/p>\n<h4 class=\"text-primary\">MSIT-CARE<\/h4>\n<p>[\/vc_column_text][vc_empty_space height=&#8221;12px&#8221;]<header class=\"kd-section-title col-lg-12 text-left    \" ><h1 class=\"separator_off\" >Umfassende Kontoinformationen in Echtzeit<\/h1><\/header>[vc_empty_space height=&#8221;16px&#8221;][vc_empty_space height=&#8221;16px&#8221; el_class=&#8221;mobile-only&#8221;]<a  class=\"tt_button tt_secondary_button btn_primary_color  pull-left panel-trigger-btn   mobile-full-width\" ><span class=\"prim_text\">Buchen Sie ein Meeting<\/span><\/a>[vc_empty_space height=&#8221;40px&#8221;][vc_empty_space height=&#8221;40px&#8221; el_class=&#8221;mobile-only&#8221;][\/vc_column_inner][vc_column_inner width=&#8221;1\/2&#8243; css=&#8221;.vc_custom_1695018155571{margin-top: -64px !important;margin-right: -73px !important;margin-left: 80px !important;background-position: center !important;background-repeat: no-repeat !important;background-size: cover !important;}&#8221;][vc_single_image image=&#8221;8993&#8243; img_size=&#8221;full&#8221;][\/vc_column_inner][\/vc_row_inner][vc_row_inner][vc_column_inner][vc_empty_space height=&#8221;64px&#8221;]<header class=\"kd-section-title col-lg-12 text-left solid-line sep-border-width-1    \" ><h3 class=\"separator_on\" >MSIT-CARE - der Experte f\u00fcr Cash Management<\/h3><div class=\"kd-separator below_title\" ><div class=\"kd-separator-line\" style=\"border-color:#00477f\"><\/div><\/div><\/header>[vc_empty_space height=&#8221;16px&#8221;][\/vc_column_inner][\/vc_row_inner][vc_row_inner][vc_column_inner width=&#8221;1\/2&#8243;][vc_column_text el_class=&#8221;li-fix&#8221;]<\/p>\n<h6>Basierend auf unserem Fachwissen im Bankwesen, insbesondere im Cash Management, entwickelt Management Solutions IT L\u00f6sungen f\u00fcr das Cash Management in Echtzeit, und zwar f\u00fcr schnellere Kontoinformationen.<\/h6>\n<p>[\/vc_column_text][vc_empty_space height=&#8221;40px&#8221;][\/vc_column_inner][vc_column_inner width=&#8221;1\/2&#8243;][vc_column_text el_class=&#8221;li-fix&#8221;]<\/p>\n<h6>Mit Blick auf die heutigen Schlagworte Schnelligkeit, Automatisierung und Flexibilit\u00e4t sind wir stolz darauf, unsere Produktpalette um MSIT-CARE zu erweitern &#8211; die optimale L\u00f6sung f\u00fcr Echtzeit-Cash-Management.<\/h6>\n<p>[\/vc_column_text][vc_empty_space height=&#8221;40px&#8221;][\/vc_column_inner][\/vc_row_inner][\/vc_column][\/vc_row][vc_row full_width=&#8221;stretch_row_content&#8221;][vc_column css=&#8221;.vc_custom_1695552060023{padding-right: 0px !important;padding-left: 0px !important;}&#8221;]<div class=\"kd-divider solid_line divider_full_width thin_solid\">\n                <div class=\"divider-line\" style=\"border-color:\"><\/div>\n            <\/div>[vc_empty_space height=&#8221;40px&#8221;][\/vc_column][\/vc_row][vc_row][vc_column css=&#8221;.vc_custom_1695539872009{padding-right: 0px !important;padding-left: 0px !important;}&#8221;][vc_row_inner][vc_column_inner]<header class=\"kd-section-title col-lg-12 text-left solid-line sep-border-width-1    \" ><h3 class=\"separator_on\" >Ihre Vorteile von MSIT-CARE<\/h3><div class=\"kd-separator below_title\" ><div class=\"kd-separator-line\" style=\"border-color:#00477f\"><\/div><\/div><\/header>[vc_empty_space height=&#8221;24px&#8221;][\/vc_column_inner][\/vc_row_inner][vc_row_inner][vc_column_inner el_class=&#8221;pr-tablet&#8221; width=&#8221;1\/3&#8243; css=&#8221;.vc_custom_1695546929486{padding-right: 50px !important;}&#8221;]<div class=\"key-icon-box icon-default icon-top cont-left ib-no-effect   li-fix icon-box-fix\" style=\"background-color: transparent;\" ><i class=\"iconsmind-Dollar iconsmind-Business-Finance\" style=\" \"><\/i> <h5 class=\"service-heading\" >Verbesserte Kassenf\u00fchrung<\/h5><p ><\/p>\n<ul>\n<li>Fr\u00fchere Bearbeitung von Reklamationen und k\u00fcrzere Abstimmungszyklen<\/li>\n<li>Verbessertes Risikomanagement<\/li>\n<li>Optimierte Salden<\/li>\n<\/ul>\n<p><\/p><\/div>[vc_empty_space height=&#8221;16px&#8221;][\/vc_column_inner][vc_column_inner el_class=&#8221;pr-tablet pl-tablet&#8221; width=&#8221;1\/3&#8243; css=&#8221;.vc_custom_1695546935191{padding-right: 50px !important;}&#8221;]<div class=\"key-icon-box icon-default icon-top cont-left ib-no-effect   li-fix icon-box-fix li-fix-with-padding\" style=\"background-color: transparent;\" ><i class=\"iconsmind-Monitor-Analytics iconsmind-Seo-Icons\" style=\" \"><\/i> <h5 class=\"service-heading\" >Verbesserter Gesch\u00e4ftsprozess<\/h5><p ><\/p>\n<ul>\n<li>Globale Reichweite mit weltweitem Standard<\/li>\n<li>Echtes Ende-zu-Ende-STP<\/li>\n<\/ul>\n<p><\/p><\/div>[vc_empty_space height=&#8221;16px&#8221;][\/vc_column_inner][vc_column_inner el_class=&#8221;pl-tablet&#8221; width=&#8221;1\/3&#8243;]<div class=\"key-icon-box icon-default icon-top cont-left ib-no-effect   li-fix icon-box-fix li-fix-with-padding\" style=\"background-color: transparent;\" ><i class=\"iconsmind-Support iconsmind-User-Interface\" style=\" \"><\/i> <h5 class=\"service-heading\" >Verbesserter Kundenservice<\/h5><p ><\/p>\n<ul>\n<li>Umfassende Kontoinformationen in Echtzeit<\/li>\n<li>Benutzerfreundlich<\/li>\n<\/ul>\n<p><\/p><\/div>[vc_empty_space height=&#8221;16px&#8221;][\/vc_column_inner][\/vc_row_inner][vc_row_inner][vc_column_inner css=&#8221;.vc_custom_1695548034972{padding-right: 0px !important;padding-left: 0px !important;}&#8221;][vc_empty_space height=&#8221;24px&#8221;]<div class=\"kd-calltoaction no_icon \" >\n                <div class=\"container\">\n                  <div class=\"cta-text-container \" ><div class=\"cta-text\">\n                        <h3 >Erfahren Sie mehr \u00fcber MSIT-CARE!<\/h3><p >Kontaktieren Sie uns f\u00fcr eine Demo, um mehr \u00fcber MSIT-CARE zu erfahren.<\/p><\/div>\n                    <\/div>\n                    <div class=\"cta-btncontainer\"><a href=\"https:\/\/www.msit.at\/de\/bestellung-einer-demo\/\"  title=\"Bestellung einer Demo\" class=\"tt_button tt_secondary_button button-action-link btn_primary_color \" >Bestellung einer Demo<\/a><\/div>\n                <\/div>\n            <\/div>[vc_empty_space height=&#8221;24px&#8221;][\/vc_column_inner][\/vc_row_inner][\/vc_column][\/vc_row][vc_row full_width=&#8221;stretch_row&#8221; css=&#8221;.vc_custom_1695551190587{background-color: #f3f3f3 !important;}&#8221;][vc_column css=&#8221;.vc_custom_1695023859253{padding-right: 0px !important;padding-left: 0px !important;}&#8221;][vc_row_inner][vc_column_inner][vc_empty_space height=&#8221;80px&#8221;]<header class=\"kd-section-title col-lg-8 vc_col-sm-8 text-left solid-line sep-border-width-1    \" ><h2 class=\"separator_on\" >Andere Produkte<\/h2><div class=\"kd-separator below_title\" ><div class=\"kd-separator-line\" style=\"border-color:#00477f\"><\/div><\/div><\/header>[\/vc_column_inner][\/vc_row_inner][vc_empty_space height=&#8221;40px&#8221; el_class=&#8221;desktop-only&#8221;][vc_row_inner el_class=&#8221;solutions-cards-row&#8221; css=&#8221;.vc_custom_1695025455421{padding-right: 0px !important;padding-left: 0px !important;}&#8221;][vc_column_inner el_class=&#8221;solutions-card active&#8221; width=&#8221;1\/3&#8243; css=&#8221;.vc_custom_1695540194287{padding-top: 0px !important;padding-right: 0px !important;padding-bottom: 0px !important;padding-left: 0px !important;}&#8221;][vc_column_text]<\/p>\n<h6>MSIT-CMM<\/h6>\n<h4>Case und Message Management<\/h4>\n<p>Entwicklung von L\u00f6sungen mit Kommunikationskan\u00e4len zum SWIFT-Netz, E-Mail und webbasierten Self-Services zur Unterst\u00fctzung eines kosteng\u00fcnstigen, effizienten und benutzerfreundlichen Case- und Message-Managements.[\/vc_column_text]<a style=\"width: 100%;\" href=\"\"   class=\"tt_button tt_secondary_button btn_primary_color  button-center button-action-link\" ><span class=\"prim_text\">Mehr erfahren<\/span><\/a>[\/vc_column_inner][vc_column_inner el_class=&#8221;solutions-card active&#8221; width=&#8221;1\/3&#8243; css=&#8221;.vc_custom_1695540217289{padding-right: 0px !important;padding-left: 0px !important;}&#8221;][vc_column_text]<\/p>\n<h6>MSIT-EXIN<\/h6>\n<h4>Reklamationsbearbeitung<\/h4>\n<p>Die Business-Applikation Exceptions and Investigation wurde f\u00fcr den gesamten Lebenszyklus der Reklamationsprozesse aller SEPA- und Non-SEPA-Zahlungsuntersuchungen entwickelt, um die Hindernisse f\u00fcr STP zu beseitigen und eine vollst\u00e4ndig standardisierte und automatisierte Kommunikation zu bieten.[\/vc_column_text]<a style=\"width: 100%;\" href=\"\"   class=\"tt_button tt_secondary_button btn_primary_color  button-center button-action-link\" ><span class=\"prim_text\">Mehr erfahren<\/span><\/a>[\/vc_column_inner][vc_column_inner el_class=&#8221;solutions-card active&#8221; width=&#8221;1\/3&#8243; css=&#8221;.vc_custom_1695540214687{padding-right: 0px !important;padding-left: 0px !important;}&#8221;][vc_column_text]<\/p>\n<h6>MSIT-Archivierung<\/h6>\n<h4>Archivierung<\/h4>\n<p>Entwicklung eines flexiblen, vielseitigen und sehr leistungsf\u00e4higen Softwareinstruments, das f\u00fcr jede Art von Unternehmen oder Organisation geeignet ist, die Nachrichten verarbeiten und ein zuverl\u00e4ssiges Werkzeug zur Archivierung, Suche und Untersuchung von Nachrichteninformationen ben\u00f6tigen.[\/vc_column_text]<a style=\"width: 100%;\" href=\"\"   class=\"tt_button tt_secondary_button btn_primary_color  button-center button-action-link\" ><span class=\"prim_text\">Mehr erfahren<\/span><\/a>[\/vc_column_inner][\/vc_row_inner][vc_empty_space el_class=&#8221;hide-mobile&#8221;][vc_row_inner el_class=&#8221;solutions-cards-row&#8221; css=&#8221;.vc_custom_1695025455421{padding-right: 0px !important;padding-left: 0px !important;}&#8221;][vc_column_inner el_class=&#8221;solutions-card active&#8221; width=&#8221;1\/3&#8243; css=&#8221;.vc_custom_1695540220274{padding-top: 0px !important;padding-right: 0px !important;padding-bottom: 0px !important;padding-left: 0px !important;}&#8221;][vc_column_text]<\/p>\n<h6>MSIT-AML<\/h6>\n<h4>Anti-Geldw\u00e4sche<\/h4>\n<p>Eine L\u00f6sung, die die Transaktionen der Bankkunden t\u00e4glich wirksam \u00fcberwacht und der Bankleitung anhand der historischen Kundeninformationen und des Kontoprofils ein &#8220;Gesamtbild&#8221; liefert.[\/vc_column_text]<a style=\"width: 100%;\" href=\"\"   class=\"tt_button tt_secondary_button btn_primary_color  button-center button-action-link\" ><span class=\"prim_text\">Mehr erfahren<\/span><\/a>[\/vc_column_inner][vc_column_inner el_class=&#8221;solutions-card active&#8221; width=&#8221;1\/3&#8243; css=&#8221;.vc_custom_1695540225512{padding-right: 0px !important;padding-left: 0px !important;}&#8221;][vc_column_text]<\/p>\n<h6>MSIT-COREN<\/h6>\n<h4>Datenabgleich<\/h4>\n<p>MSIT-COREN (COnfigurable Reconciliation ENgine) ist die innovative L\u00f6sung zur Automatisierung der \u00dcberwachung von Datenbeziehungen, da sie eine hochflexible Reconciliation Processing Engine bietet, die eine einfache Anpassung an spezielle Szenarien und spezifische Anforderungen erm\u00f6glicht.[\/vc_column_text]<a style=\"width: 100%;\" href=\"\"   class=\"tt_button tt_secondary_button btn_primary_color  button-center button-action-link\" ><span class=\"prim_text\">Mehr erfahren<\/span><\/a>[\/vc_column_inner][vc_column_inner el_class=&#8221;solutions-card active&#8221; width=&#8221;1\/3&#8243; css=&#8221;.vc_custom_1695540228214{padding-right: 0px !important;padding-left: 0px !important;}&#8221;][vc_column_text]<\/p>\n<h4>XML-Nachrichten- und Schnittstellenmanagement<\/h4>\n<p>Nahtlose und einfache Integration von E&amp;I-Funktionen in Anwendungen von Drittanbietern. Diese l\u00f6sungsbasierte Gesch\u00e4ftsanwendung bietet ein leistungsf\u00e4higes Channelmanagement f\u00fcr die gemeinsame Anbindung an SWIFT \u00fcber SAA\/SAG\/WBIFN oder andere.[\/vc_column_text]<a style=\"width: 100%;\" href=\"https:\/\/www.msit.at\/de\/kontakt\/\"  target=\"_self\"  title=\"\" class=\"tt_button tt_secondary_button btn_primary_color  button-center button-action-link\" ><span class=\"prim_text\">Kontakt<\/span><\/a>[\/vc_column_inner][\/vc_row_inner][vc_empty_space height=&#8221;80px&#8221;][\/vc_column][\/vc_row][vc_row full_width=&#8221;stretch_row&#8221; css=&#8221;.vc_custom_1695548381326{margin-right: 15px !important;margin-left: 15px !important;background-image: url(https:\/\/www.msit.at\/wp-content\/uploads\/2023\/09\/background-gradient.jpg?id=7796) !important;background-position: center !important;background-repeat: no-repeat !important;background-size: cover !important;}&#8221;][vc_column css=&#8221;.vc_custom_1694862531504{padding-top: 80px !important;padding-bottom: 80px !important;}&#8221;][vc_empty_space height=&#8221;80px&#8221; el_class=&#8221;mobile-only&#8221;][vc_row_inner][vc_column_inner width=&#8221;1\/4&#8243; offset=&#8221;vc_hidden-xs&#8221;][\/vc_column_inner][vc_column_inner width=&#8221;1\/2&#8243;]<header class=\"kd-section-title col-lg-12 text-center  kd-animated fadeIn  \" data-animation-delay=200><h3 class=\"separator_off\" >Sind Sie bereit, loszulegen?<\/h3><h6 class=\"subtitle \" style=\"color: #606060;\">Vereinbaren Sie einen Termin mit uns, um mehr \u00fcber unsere Produkte zu erfahren oder diese in einer Demo zu sehen.<\/h6><\/header>[vc_empty_space height=&#8221;16px&#8221;][\/vc_column_inner][vc_column_inner width=&#8221;1\/4&#8243; offset=&#8221;vc_hidden-xs&#8221;][\/vc_column_inner][\/vc_row_inner][vc_empty_space height=&#8221;24px&#8221; el_class=&#8221;mobile-only&#8221;][vc_row_inner][vc_column_inner el_class=&#8221;pr-tablet&#8221; width=&#8221;1\/2&#8243; css=&#8221;.vc_custom_1694871660026{padding-right: 0px !important;padding-left: 0px !important;}&#8221;]<a  class=\"tt_button tt_primary_button btn_primary_color  pull-right panel-trigger-btn  kd-animated zoomIn mobile-full-width\" data-animation-delay=200><span class=\"prim_text\">Buchen Sie ein Meeting<\/span><\/a>[vc_empty_space height=&#8221;16px&#8221; el_class=&#8221;mobile-only&#8221;][\/vc_column_inner][vc_column_inner width=&#8221;1\/2&#8243; css=&#8221;.vc_custom_1694871663735{padding-right: 0px !important;padding-left: 0px !important;}&#8221;]<a  href=\"https:\/\/www.msit.at\/de\/bestellung-einer-demo\/\"  target=\"_self\"  title=\"\" class=\"tt_button tt_secondary_button btn_primary_color hover_solid_primary pull-left button-action-link  kd-animated zoomIn mobile-full-width\" data-animation-delay=200><span class=\"prim_text\">Bestellung einer Demo<\/span><\/a>[\/vc_column_inner][\/vc_row_inner][vc_empty_space height=&#8221;80px&#8221; el_class=&#8221;mobile-only&#8221;][\/vc_column][\/vc_row]<\/p>\n<\/section>","protected":false},"excerpt":{"rendered":"<p>[vc_row css=&#8221;.vc_custom_1695549730691{padding-top: 200px !important;}&#8221;][vc_column css=&#8221;.vc_custom_1695016336119{padding-right: 0px !important;padding-left: 0px !important;}&#8221;][vc_row_inner equal_height=&#8221;yes&#8221; content_placement=&#8221;middle&#8221;][vc_column_inner width=&#8221;1\/2&#8243;][vc_column_text] MSIT-CARE [\/vc_column_text][vc_empty_space height=&#8221;12px&#8221;][vc_empty_space height=&#8221;16px&#8221;][vc_empty_space height=&#8221;16px&#8221; el_class=&#8221;mobile-only&#8221;][vc_empty_space height=&#8221;40px&#8221;][vc_empty_space height=&#8221;40px&#8221; el_class=&#8221;mobile-only&#8221;][\/vc_column_inner][vc_column_inner width=&#8221;1\/2&#8243; css=&#8221;.vc_custom_1695018155571{margin-top: -64px !important;margin-right: -73px !important;margin-left: 80px !important;background-position: center !important;background-repeat: no-repeat [&hellip;]<\/p>\n","protected":false},"author":2,"featured_media":0,"parent":9345,"menu_order":0,"comment_status":"closed","ping_status":"closed","template":"","meta":{"footnotes":""},"class_list":["post-9406","page","type-page","status-publish","hentry"],"_links":{"self":[{"href":"https:\/\/www.msit.at\/de\/wp-json\/wp\/v2\/pages\/9406","targetHints":{"allow":["GET"]}}],"collection":[{"href":"https:\/\/www.msit.at\/de\/wp-json\/wp\/v2\/pages"}],"about":[{"href":"https:\/\/www.msit.at\/de\/wp-json\/wp\/v2\/types\/page"}],"author":[{"embeddable":true,"href":"https:\/\/www.msit.at\/de\/wp-json\/wp\/v2\/users\/2"}],"replies":[{"embeddable":true,"href":"https:\/\/www.msit.at\/de\/wp-json\/wp\/v2\/comments?post=9406"}],"version-history":[{"count":8,"href":"https:\/\/www.msit.at\/de\/wp-json\/wp\/v2\/pages\/9406\/revisions"}],"predecessor-version":[{"id":9591,"href":"https:\/\/www.msit.at\/de\/wp-json\/wp\/v2\/pages\/9406\/revisions\/9591"}],"up":[{"embeddable":true,"href":"https:\/\/www.msit.at\/de\/wp-json\/wp\/v2\/pages\/9345"}],"wp:attachment":[{"href":"https:\/\/www.msit.at\/de\/wp-json\/wp\/v2\/media?parent=9406"}],"curies":[{"name":"wp","href":"https:\/\/api.w.org\/{rel}","templated":true}]}}